{"id":180,"date":"2023-04-01T13:07:34","date_gmt":"2023-04-01T13:07:34","guid":{"rendered":"https:\/\/brandstrat.com\/Tecnologia\/?page_id=180"},"modified":"2023-04-19T20:35:05","modified_gmt":"2023-04-19T20:35:05","slug":"tecnologiabs","status":"publish","type":"page","link":"https:\/\/brandstrat.com\/Tecnologia\/en\/","title":{"rendered":"Tecnolog\u00edabs"},"content":{"rendered":"<div data-elementor-type=\"wp-page\" data-elementor-id=\"180\" class=\"elementor elementor-180\">\n\t\t\t\t\t\t<section class=\"elementor-section elementor-top-section elementor-element elementor-element-8b826b8 elementor-section-boxed elementor-section-height-default elementor-section-height-default\" data-id=\"8b826b8\" data-element_type=\"section\" data-settings=\"{&quot;background_background&quot;:&quot;classic&quot;}\">\n\t\t\t\t\t\t<div class=\"elementor-container elementor-column-gap-default\">\n\t\t\t\t\t<div class=\"elementor-column elementor-col-100 elementor-top-column elementor-element elementor-element-c2ccfe7\" data-id=\"c2ccfe7\" data-element_type=\"column\" data-settings=\"{&quot;background_background&quot;:&quot;classic&quot;}\">\n\t\t\t<div class=\"elementor-widget-wrap elementor-element-populated\">\n\t\t\t\t\t\t<div class=\"elementor-element elementor-element-ac74667 elementor-widget elementor-widget-image\" data-id=\"ac74667\" data-element_type=\"widget\" data-widget_type=\"image.default\">\n\t\t\t\t<div class=\"elementor-widget-container\">\n\t\t\t<style>\/*! elementor - v3.22.0 - 17-06-2024 *\/\n.elementor-widget-image{text-align:center}.elementor-widget-image a{display:inline-block}.elementor-widget-image a img[src$=\".svg\"]{width:48px}.elementor-widget-image img{vertical-align:middle;display:inline-block}<\/style>\t\t\t\t\t\t\t\t\t\t\t<a href=\"https:\/\/brandstrat.com\/Tecnologia\/wp-content\/uploads\/2023\/04\/brandstrat-1.png\" data-elementor-open-lightbox=\"yes\" data-elementor-lightbox-title=\"brandstrat 1\" data-e-action-hash=\"#elementor-action%3Aaction%3Dlightbox%26settings%3DeyJpZCI6MjIwLCJ1cmwiOiJodHRwczpcL1wvYnJhbmRzdHJhdC5jb21cL1RlY25vbG9naWFcL3dwLWNvbnRlbnRcL3VwbG9hZHNcLzIwMjNcLzA0XC9icmFuZHN0cmF0LTEucG5nIn0%3D\">\n\t\t\t\t\t\t\t<img fetchpriority=\"high\" decoding=\"async\" width=\"1024\" height=\"649\" src=\"https:\/\/brandstrat.com\/Tecnologia\/wp-content\/uploads\/2023\/04\/brandstrat-1-1024x649.png\" class=\"attachment-large size-large wp-image-220\" alt=\"\" srcset=\"https:\/\/brandstrat.com\/Tecnologia\/wp-content\/uploads\/2023\/04\/brandstrat-1-1024x649.png 1024w, https:\/\/brandstrat.com\/Tecnologia\/wp-content\/uploads\/2023\/04\/brandstrat-1-300x190.png 300w, https:\/\/brandstrat.com\/Tecnologia\/wp-content\/uploads\/2023\/04\/brandstrat-1-768x487.png 768w, https:\/\/brandstrat.com\/Tecnologia\/wp-content\/uploads\/2023\/04\/brandstrat-1-1536x974.png 1536w, https:\/\/brandstrat.com\/Tecnologia\/wp-content\/uploads\/2023\/04\/brandstrat-1-2048x1298.png 2048w, https:\/\/brandstrat.com\/Tecnologia\/wp-content\/uploads\/2023\/04\/brandstrat-1-18x12.png 18w\" sizes=\"(max-width: 1024px) 100vw, 1024px\" \/>\t\t\t\t\t\t\t\t<\/a>\n\t\t\t\t\t\t\t\t\t\t\t\t\t<\/div>\n\t\t\t\t<\/div>\n\t\t\t\t<div class=\"elementor-element elementor-element-94c7797 elementor-widget elementor-widget-text-editor\" data-id=\"94c7797\" data-element_type=\"widget\" data-widget_type=\"text-editor.default\">\n\t\t\t\t<div class=\"elementor-widget-container\">\n\t\t\t<style>\/*! elementor - v3.22.0 - 17-06-2024 *\/\n.elementor-widget-text-editor.elementor-drop-cap-view-stacked .elementor-drop-cap{background-color:#69727d;color:#fff}.elementor-widget-text-editor.elementor-drop-cap-view-framed .elementor-drop-cap{color:#69727d;border:3px solid;background-color:transparent}.elementor-widget-text-editor:not(.elementor-drop-cap-view-default) .elementor-drop-cap{margin-top:8px}.elementor-widget-text-editor:not(.elementor-drop-cap-view-default) .elementor-drop-cap-letter{width:1em;height:1em}.elementor-widget-text-editor .elementor-drop-cap{float:left;text-align:center;line-height:1;font-size:50px}.elementor-widget-text-editor .elementor-drop-cap-letter{display:inline-block}<\/style>\t\t\t\t<p><span style=\"color: #ffffff;\">Technology is transforming the way we live, work and communicate. From the invention of the wheel to the most recent advances in artificial intelligence, technology has improved efficiency, productivity and quality of life around the world.<\/span><\/p><p><span style=\"color: #ffffff;\">Technology has also enabled advances in fields such as medicine, energy and science. Thanks to technology, new cures and medical treatments have been discovered, more sustainable ways of producing energy have been developed, and important scientific discoveries have been made.<\/span><\/p><p><span style=\"color: #ffffff;\">In short, technology is important because it allows us to solve complex problems, improve our lives and create a better future for all.<\/span><\/p>\t\t\t\t\t\t<\/div>\n\t\t\t\t<\/div>\n\t\t\t\t\t<\/div>\n\t\t<\/div>\n\t\t\t\t\t<\/div>\n\t\t<\/section>\n\t\t\t\t<section class=\"elementor-section elementor-top-section elementor-element elementor-element-0b2543a elementor-section-boxed elementor-section-height-default elementor-section-height-default\" data-id=\"0b2543a\" data-element_type=\"section\" data-settings=\"{&quot;background_background&quot;:&quot;classic&quot;}\">\n\t\t\t\t\t\t\t<div class=\"elementor-background-overlay\"><\/div>\n\t\t\t\t\t\t\t<div class=\"elementor-container elementor-column-gap-default\">\n\t\t\t\t\t<div class=\"elementor-column elementor-col-100 elementor-top-column elementor-element elementor-element-c322580\" data-id=\"c322580\" data-element_type=\"column\">\n\t\t\t<div class=\"elementor-widget-wrap elementor-element-populated\">\n\t\t\t\t\t\t<section class=\"elementor-section elementor-inner-section elementor-element elementor-element-cdbd66d elementor-section-boxed elementor-section-height-default elementor-section-height-default\" data-id=\"cdbd66d\" data-element_type=\"section\">\n\t\t\t\t\t\t<div class=\"elementor-container elementor-column-gap-default\">\n\t\t\t\t\t<div class=\"elementor-column elementor-col-50 elementor-inner-column elementor-element elementor-element-15af357\" data-id=\"15af357\" data-element_type=\"column\">\n\t\t\t<div class=\"elementor-widget-wrap elementor-element-populated\">\n\t\t\t\t\t\t<div class=\"elementor-element elementor-element-67c38d7 elementor-widget elementor-widget-image\" data-id=\"67c38d7\" data-element_type=\"widget\" data-widget_type=\"image.default\">\n\t\t\t\t<div class=\"elementor-widget-container\">\n\t\t\t\t\t\t\t\t\t\t\t\t\t\t<a href=\"https:\/\/brandstrat.com\/Tecnologia\/wp-content\/uploads\/2023\/04\/Ciberseguridad-Entender-los-ataques-V2.png\" data-elementor-open-lightbox=\"yes\" data-elementor-lightbox-title=\"tecnobs\" data-e-action-hash=\"#elementor-action%3Aaction%3Dlightbox%26settings%3DeyJpZCI6MTg4LCJ1cmwiOiJodHRwczpcL1wvYnJhbmRzdHJhdC5jb21cL1RlY25vbG9naWFcL3dwLWNvbnRlbnRcL3VwbG9hZHNcLzIwMjNcLzA0XC9DaWJlcnNlZ3VyaWRhZC1FbnRlbmRlci1sb3MtYXRhcXVlcy1WMi5wbmcifQ%3D%3D\">\n\t\t\t\t\t\t\t<img decoding=\"async\" width=\"1024\" height=\"576\" src=\"https:\/\/brandstrat.com\/Tecnologia\/wp-content\/uploads\/2023\/04\/Ciberseguridad-Entender-los-ataques-V2-1024x576.png\" class=\"attachment-large size-large wp-image-188\" alt=\"\" srcset=\"https:\/\/brandstrat.com\/Tecnologia\/wp-content\/uploads\/2023\/04\/Ciberseguridad-Entender-los-ataques-V2-1024x576.png 1024w, https:\/\/brandstrat.com\/Tecnologia\/wp-content\/uploads\/2023\/04\/Ciberseguridad-Entender-los-ataques-V2-300x169.png 300w, https:\/\/brandstrat.com\/Tecnologia\/wp-content\/uploads\/2023\/04\/Ciberseguridad-Entender-los-ataques-V2-768x432.png 768w, https:\/\/brandstrat.com\/Tecnologia\/wp-content\/uploads\/2023\/04\/Ciberseguridad-Entender-los-ataques-V2-18x10.png 18w, https:\/\/brandstrat.com\/Tecnologia\/wp-content\/uploads\/2023\/04\/Ciberseguridad-Entender-los-ataques-V2.png 1280w\" sizes=\"(max-width: 1024px) 100vw, 1024px\" \/>\t\t\t\t\t\t\t\t<\/a>\n\t\t\t\t\t\t\t\t\t\t\t\t\t<\/div>\n\t\t\t\t<\/div>\n\t\t\t\t\t<\/div>\n\t\t<\/div>\n\t\t\t\t<div class=\"elementor-column elementor-col-50 elementor-inner-column elementor-element elementor-element-3b07bea\" data-id=\"3b07bea\" data-element_type=\"column\">\n\t\t\t<div class=\"elementor-widget-wrap elementor-element-populated\">\n\t\t\t\t\t\t<div class=\"elementor-element elementor-element-af21ba6 elementor-widget elementor-widget-text-editor\" data-id=\"af21ba6\" data-element_type=\"widget\" data-widget_type=\"text-editor.default\">\n\t\t\t\t<div class=\"elementor-widget-container\">\n\t\t\t\t\t\t\t<p><span style=\"color: #ffffff;\">There are several reasons why I like working in the technology field:<\/span><\/p><ul><li><span style=\"color: #ffffff;\">Curiosity about how things work and the excitement of discovering new ways to make them more efficient or effective.<\/span><\/li><li><span style=\"color: #ffffff;\">The desire to keep up with the latest trends and technological tools, and to experiment with them.<\/span><\/li><li><span style=\"color: #ffffff;\">The desire to solve complex problems through the use of technology and to create innovative solutions.<\/span><\/li><\/ul>\t\t\t\t\t\t<\/div>\n\t\t\t\t<\/div>\n\t\t\t\t\t<\/div>\n\t\t<\/div>\n\t\t\t\t\t<\/div>\n\t\t<\/section>\n\t\t\t\t\t<\/div>\n\t\t<\/div>\n\t\t\t\t\t<\/div>\n\t\t<\/section>\n\t\t\t\t<section class=\"elementor-section elementor-top-section elementor-element elementor-element-4e76b88 elementor-section-boxed elementor-section-height-default elementor-section-height-default\" data-id=\"4e76b88\" data-element_type=\"section\" data-settings=\"{&quot;background_background&quot;:&quot;classic&quot;}\">\n\t\t\t\t\t\t\t<div class=\"elementor-background-overlay\"><\/div>\n\t\t\t\t\t\t\t<div class=\"elementor-container elementor-column-gap-default\">\n\t\t\t\t\t<div class=\"elementor-column elementor-col-100 elementor-top-column elementor-element elementor-element-56ca6c9\" data-id=\"56ca6c9\" data-element_type=\"column\">\n\t\t\t<div class=\"elementor-widget-wrap elementor-element-populated\">\n\t\t\t\t\t\t<section class=\"elementor-section elementor-inner-section elementor-element elementor-element-d5506b9 elementor-section-boxed elementor-section-height-default elementor-section-height-default\" data-id=\"d5506b9\" data-element_type=\"section\">\n\t\t\t\t\t\t<div class=\"elementor-container elementor-column-gap-default\">\n\t\t\t\t\t<div class=\"elementor-column elementor-col-50 elementor-inner-column elementor-element elementor-element-7355b5e\" data-id=\"7355b5e\" data-element_type=\"column\">\n\t\t\t<div class=\"elementor-widget-wrap elementor-element-populated\">\n\t\t\t\t\t\t<div class=\"elementor-element elementor-element-87880fd elementor-widget elementor-widget-text-editor\" data-id=\"87880fd\" data-element_type=\"widget\" data-widget_type=\"text-editor.default\">\n\t\t\t\t<div class=\"elementor-widget-container\">\n\t\t\t\t\t\t\t<p><span style=\"color: #ffffff; font-family: var( --e-global-typography-text-font-family ), Sans-serif; font-weight: var( --e-global-typography-text-font-weight ); background-color: transparent;\">To apply technology in a company, there are many ways in which this can be done, depending on the type of specific needs. Some ideas may include:<\/span><\/p><ul style=\"margin: 0 0 var(--global-md-spacing);\"><li><span style=\"color: #ffffff;\">Use specialized software and applications to automate business processes, saving time and resources and reducing human error.<\/span><\/li><li><span style=\"color: #ffffff;\">Implement data analysis tools to gain valuable insights into market trends, customer behavior and the effectiveness of business strategies.<\/span><\/li><\/ul>\t\t\t\t\t\t<\/div>\n\t\t\t\t<\/div>\n\t\t\t\t\t<\/div>\n\t\t<\/div>\n\t\t\t\t<div class=\"elementor-column elementor-col-50 elementor-inner-column elementor-element elementor-element-69a2cb6\" data-id=\"69a2cb6\" data-element_type=\"column\">\n\t\t\t<div class=\"elementor-widget-wrap elementor-element-populated\">\n\t\t\t\t\t\t<div class=\"elementor-element elementor-element-3ad876b elementor-widget elementor-widget-image\" data-id=\"3ad876b\" data-element_type=\"widget\" data-widget_type=\"image.default\">\n\t\t\t\t<div class=\"elementor-widget-container\">\n\t\t\t\t\t\t\t\t\t\t\t\t\t\t<a href=\"https:\/\/brandstrat.com\/Tecnologia\/wp-content\/uploads\/2023\/04\/v617batch2-kul-05-technology-scaled.jpg\" data-elementor-open-lightbox=\"yes\" data-elementor-lightbox-title=\"Web\" data-e-action-hash=\"#elementor-action%3Aaction%3Dlightbox%26settings%3DeyJpZCI6MTk3LCJ1cmwiOiJodHRwczpcL1wvYnJhbmRzdHJhdC5jb21cL1RlY25vbG9naWFcL3dwLWNvbnRlbnRcL3VwbG9hZHNcLzIwMjNcLzA0XC92NjE3YmF0Y2gyLWt1bC0wNS10ZWNobm9sb2d5LXNjYWxlZC5qcGcifQ%3D%3D\">\n\t\t\t\t\t\t\t<img decoding=\"async\" width=\"1024\" height=\"683\" src=\"https:\/\/brandstrat.com\/Tecnologia\/wp-content\/uploads\/2023\/04\/v617batch2-kul-05-technology-1024x683.jpg\" class=\"attachment-large size-large wp-image-197\" alt=\"\" srcset=\"https:\/\/brandstrat.com\/Tecnologia\/wp-content\/uploads\/2023\/04\/v617batch2-kul-05-technology-1024x683.jpg 1024w, https:\/\/brandstrat.com\/Tecnologia\/wp-content\/uploads\/2023\/04\/v617batch2-kul-05-technology-300x200.jpg 300w, https:\/\/brandstrat.com\/Tecnologia\/wp-content\/uploads\/2023\/04\/v617batch2-kul-05-technology-768x512.jpg 768w, https:\/\/brandstrat.com\/Tecnologia\/wp-content\/uploads\/2023\/04\/v617batch2-kul-05-technology-1536x1024.jpg 1536w, https:\/\/brandstrat.com\/Tecnologia\/wp-content\/uploads\/2023\/04\/v617batch2-kul-05-technology-2048x1366.jpg 2048w, https:\/\/brandstrat.com\/Tecnologia\/wp-content\/uploads\/2023\/04\/v617batch2-kul-05-technology-18x12.jpg 18w\" sizes=\"(max-width: 1024px) 100vw, 1024px\" \/>\t\t\t\t\t\t\t\t<\/a>\n\t\t\t\t\t\t\t\t\t\t\t\t\t<\/div>\n\t\t\t\t<\/div>\n\t\t\t\t\t<\/div>\n\t\t<\/div>\n\t\t\t\t\t<\/div>\n\t\t<\/section>\n\t\t\t\t<section class=\"elementor-section elementor-inner-section elementor-element elementor-element-d7c08c1 elementor-section-boxed elementor-section-height-default elementor-section-height-default\" data-id=\"d7c08c1\" data-element_type=\"section\">\n\t\t\t\t\t\t<div class=\"elementor-container elementor-column-gap-default\">\n\t\t\t\t\t<div class=\"elementor-column elementor-col-50 elementor-inner-column elementor-element elementor-element-02f9537\" data-id=\"02f9537\" data-element_type=\"column\">\n\t\t\t<div class=\"elementor-widget-wrap elementor-element-populated\">\n\t\t\t\t\t\t<div class=\"elementor-element elementor-element-cccd68a elementor-widget elementor-widget-image\" data-id=\"cccd68a\" data-element_type=\"widget\" data-widget_type=\"image.default\">\n\t\t\t\t<div class=\"elementor-widget-container\">\n\t\t\t\t\t\t\t\t\t\t\t\t\t\t<a href=\"https:\/\/brandstrat.com\/Tecnologia\/wp-content\/uploads\/2023\/04\/2175197-scaled.jpg\" data-elementor-open-lightbox=\"yes\" data-elementor-lightbox-title=\"2175197\" data-e-action-hash=\"#elementor-action%3Aaction%3Dlightbox%26settings%3DeyJpZCI6MjAwLCJ1cmwiOiJodHRwczpcL1wvYnJhbmRzdHJhdC5jb21cL1RlY25vbG9naWFcL3dwLWNvbnRlbnRcL3VwbG9hZHNcLzIwMjNcLzA0XC8yMTc1MTk3LXNjYWxlZC5qcGcifQ%3D%3D\">\n\t\t\t\t\t\t\t<img loading=\"lazy\" decoding=\"async\" width=\"1024\" height=\"723\" src=\"https:\/\/brandstrat.com\/Tecnologia\/wp-content\/uploads\/2023\/04\/2175197-1024x723.jpg\" class=\"attachment-large size-large wp-image-200\" alt=\"\" srcset=\"https:\/\/brandstrat.com\/Tecnologia\/wp-content\/uploads\/2023\/04\/2175197-1024x723.jpg 1024w, https:\/\/brandstrat.com\/Tecnologia\/wp-content\/uploads\/2023\/04\/2175197-300x212.jpg 300w, https:\/\/brandstrat.com\/Tecnologia\/wp-content\/uploads\/2023\/04\/2175197-768x542.jpg 768w, https:\/\/brandstrat.com\/Tecnologia\/wp-content\/uploads\/2023\/04\/2175197-1536x1084.jpg 1536w, https:\/\/brandstrat.com\/Tecnologia\/wp-content\/uploads\/2023\/04\/2175197-2048x1445.jpg 2048w, https:\/\/brandstrat.com\/Tecnologia\/wp-content\/uploads\/2023\/04\/2175197-18x12.jpg 18w\" sizes=\"(max-width: 1024px) 100vw, 1024px\" \/>\t\t\t\t\t\t\t\t<\/a>\n\t\t\t\t\t\t\t\t\t\t\t\t\t<\/div>\n\t\t\t\t<\/div>\n\t\t\t\t\t<\/div>\n\t\t<\/div>\n\t\t\t\t<div class=\"elementor-column elementor-col-50 elementor-inner-column elementor-element elementor-element-89da035\" data-id=\"89da035\" data-element_type=\"column\">\n\t\t\t<div class=\"elementor-widget-wrap elementor-element-populated\">\n\t\t\t\t\t\t<div class=\"elementor-element elementor-element-929c3c7 elementor-widget elementor-widget-text-editor\" data-id=\"929c3c7\" data-element_type=\"widget\" data-widget_type=\"text-editor.default\">\n\t\t\t\t<div class=\"elementor-widget-container\">\n\t\t\t\t\t\t\t<p>\u00a0<\/p><ul><li><span style=\"color: #ffffff;\">Use technology to improve the company's internal and external communication, enabling more effective collaboration and better customer service.<\/span><\/li><li><span style=\"color: #ffffff;\">Adopt emerging technologies such as artificial intelligence, augmented reality or robotic process automation (RPA) to improve business efficiency and productivity.<\/span><\/li><li><span style=\"color: #ffffff;\">It is important to remember that technology is not an end in itself, but a means to achieve specific business objectives. Therefore, any technology strategy must be carefully planned and aligned with the company's objectives.<\/span><\/li><\/ul>\t\t\t\t\t\t<\/div>\n\t\t\t\t<\/div>\n\t\t\t\t\t<\/div>\n\t\t<\/div>\n\t\t\t\t\t<\/div>\n\t\t<\/section>\n\t\t\t\t\t<\/div>\n\t\t<\/div>\n\t\t\t\t\t<\/div>\n\t\t<\/section>\n\t\t\t\t<\/div>","protected":false},"excerpt":{"rendered":"<p>La tecnolog\u00eda va transformado la manera en que vivimos, trabajamos y nos comunicamos. Desde la invenci\u00f3n de la rueda hasta los avances m\u00e1s recientes en inteligencia artificial, la tecnolog\u00eda ha mejorado la eficiencia, la productividad y la calidad de vida en todo el mundo. La tecnolog\u00eda tambi\u00e9n ha permitido avances en campos como la medicina,&#8230;<\/p>","protected":false},"author":1,"featured_media":0,"parent":0,"menu_order":0,"comment_status":"closed","ping_status":"closed","template":"","meta":{"_kad_post_transparent":"default","_kad_post_title":"hide","_kad_post_layout":"fullwidth","_kad_post_sidebar_id":"","_kad_post_content_style":"unboxed","_kad_post_vertical_padding":"hide","_kad_post_feature":"hide","_kad_post_feature_position":"","_kad_post_header":false,"_kad_post_footer":false,"footnotes":""},"class_list":["post-180","page","type-page","status-publish","hentry"],"_links":{"self":[{"href":"https:\/\/brandstrat.com\/Tecnologia\/en\/wp-json\/wp\/v2\/pages\/180","targetHints":{"allow":["GET"]}}],"collection":[{"href":"https:\/\/brandstrat.com\/Tecnologia\/en\/wp-json\/wp\/v2\/pages"}],"about":[{"href":"https:\/\/brandstrat.com\/Tecnologia\/en\/wp-json\/wp\/v2\/types\/page"}],"author":[{"embeddable":true,"href":"https:\/\/brandstrat.com\/Tecnologia\/en\/wp-json\/wp\/v2\/users\/1"}],"replies":[{"embeddable":true,"href":"https:\/\/brandstrat.com\/Tecnologia\/en\/wp-json\/wp\/v2\/comments?post=180"}],"version-history":[{"count":34,"href":"https:\/\/brandstrat.com\/Tecnologia\/en\/wp-json\/wp\/v2\/pages\/180\/revisions"}],"predecessor-version":[{"id":347,"href":"https:\/\/brandstrat.com\/Tecnologia\/en\/wp-json\/wp\/v2\/pages\/180\/revisions\/347"}],"wp:attachment":[{"href":"https:\/\/brandstrat.com\/Tecnologia\/en\/wp-json\/wp\/v2\/media?parent=180"}],"curies":[{"name":"wp","href":"https:\/\/api.w.org\/{rel}","templated":true}]}}