{"id":530,"date":"2024-06-20T20:34:02","date_gmt":"2024-06-20T20:34:02","guid":{"rendered":"https:\/\/brandstrat.com\/Tecnologia\/?page_id=530"},"modified":"2024-06-20T21:38:25","modified_gmt":"2024-06-20T21:38:25","slug":"comunicados-3","status":"publish","type":"page","link":"https:\/\/brandstrat.com\/Tecnologia\/en\/comunicados-3\/","title":{"rendered":"Frequent problems and VPN usage"},"content":{"rendered":"<div data-elementor-type=\"wp-page\" data-elementor-id=\"530\" class=\"elementor elementor-530\">\n\t\t\t\t\t\t<section class=\"elementor-section elementor-top-section elementor-element elementor-element-e7d736a elementor-section-boxed elementor-section-height-default elementor-section-height-default\" data-id=\"e7d736a\" data-element_type=\"section\" data-settings=\"{&quot;background_background&quot;:&quot;classic&quot;}\">\n\t\t\t\t\t\t<div class=\"elementor-container elementor-column-gap-default\">\n\t\t\t\t\t<div class=\"elementor-column elementor-col-100 elementor-top-column elementor-element elementor-element-89948ca\" data-id=\"89948ca\" data-element_type=\"column\">\n\t\t\t<div class=\"elementor-widget-wrap elementor-element-populated\">\n\t\t\t\t\t\t<div class=\"elementor-element elementor-element-f597441 elementor-widget elementor-widget-image\" data-id=\"f597441\" data-element_type=\"widget\" data-widget_type=\"image.default\">\n\t\t\t\t<div class=\"elementor-widget-container\">\n\t\t\t<style>\/*! elementor - v3.22.0 - 17-06-2024 *\/\n.elementor-widget-image{text-align:center}.elementor-widget-image a{display:inline-block}.elementor-widget-image a img[src$=\".svg\"]{width:48px}.elementor-widget-image img{vertical-align:middle;display:inline-block}<\/style>\t\t\t\t\t\t\t\t\t\t\t<a href=\"https:\/\/brandstrat.com\/Tecnologia\/comunicados\/\">\n\t\t\t\t\t\t\t<img fetchpriority=\"high\" decoding=\"async\" width=\"768\" height=\"432\" src=\"https:\/\/brandstrat.com\/Tecnologia\/wp-content\/uploads\/2023\/04\/Presentacion1-768x432.png\" class=\"attachment-medium_large size-medium_large wp-image-227\" alt=\"\" srcset=\"https:\/\/brandstrat.com\/Tecnologia\/wp-content\/uploads\/2023\/04\/Presentacion1-768x432.png 768w, https:\/\/brandstrat.com\/Tecnologia\/wp-content\/uploads\/2023\/04\/Presentacion1-300x169.png 300w, https:\/\/brandstrat.com\/Tecnologia\/wp-content\/uploads\/2023\/04\/Presentacion1-1024x576.png 1024w, https:\/\/brandstrat.com\/Tecnologia\/wp-content\/uploads\/2023\/04\/Presentacion1-18x10.png 18w, https:\/\/brandstrat.com\/Tecnologia\/wp-content\/uploads\/2023\/04\/Presentacion1.png 1280w\" sizes=\"(max-width: 768px) 100vw, 768px\" \/>\t\t\t\t\t\t\t\t<\/a>\n\t\t\t\t\t\t\t\t\t\t\t\t\t<\/div>\n\t\t\t\t<\/div>\n\t\t\t\t\t<\/div>\n\t\t<\/div>\n\t\t\t\t\t<\/div>\n\t\t<\/section>\n\t\t\t\t<section class=\"elementor-section elementor-top-section elementor-element elementor-element-c6557df elementor-section-boxed elementor-section-height-default elementor-section-height-default\" data-id=\"c6557df\" data-element_type=\"section\" data-settings=\"{&quot;background_background&quot;:&quot;classic&quot;}\">\n\t\t\t\t\t\t<div class=\"elementor-container elementor-column-gap-default\">\n\t\t\t\t\t<div class=\"elementor-column elementor-col-100 elementor-top-column elementor-element elementor-element-09cac08\" data-id=\"09cac08\" data-element_type=\"column\">\n\t\t\t<div class=\"elementor-widget-wrap elementor-element-populated\">\n\t\t\t\t\t\t<div class=\"elementor-element elementor-element-aaec4cc elementor-widget elementor-widget-heading\" data-id=\"aaec4cc\" data-element_type=\"widget\" data-widget_type=\"heading.default\">\n\t\t\t\t<div class=\"elementor-widget-container\">\n\t\t\t<style>\/*! elementor - v3.22.0 - 17-06-2024 *\/\n.elementor-heading-title{padding:0;margin:0;line-height:1}.elementor-widget-heading .elementor-heading-title[class*=elementor-size-]>a{color:inherit;font-size:inherit;line-height:inherit}.elementor-widget-heading .elementor-heading-title.elementor-size-small{font-size:15px}.elementor-widget-heading .elementor-heading-title.elementor-size-medium{font-size:19px}.elementor-widget-heading .elementor-heading-title.elementor-size-large{font-size:29px}.elementor-widget-heading .elementor-heading-title.elementor-size-xl{font-size:39px}.elementor-widget-heading .elementor-heading-title.elementor-size-xxl{font-size:59px}<\/style><h2 class=\"elementor-heading-title elementor-size-default\">Frequent problems and VPN usage<\/h2>\t\t<\/div>\n\t\t\t\t<\/div>\n\t\t\t\t\t<\/div>\n\t\t<\/div>\n\t\t\t\t\t<\/div>\n\t\t<\/section>\n\t\t\t\t<section class=\"elementor-section elementor-top-section elementor-element elementor-element-dadb266 elementor-section-boxed elementor-section-height-default elementor-section-height-default\" data-id=\"dadb266\" data-element_type=\"section\" data-settings=\"{&quot;background_background&quot;:&quot;classic&quot;}\">\n\t\t\t\t\t\t<div class=\"elementor-container elementor-column-gap-default\">\n\t\t\t\t\t<div class=\"elementor-column elementor-col-33 elementor-top-column elementor-element elementor-element-a0ab9bc\" data-id=\"a0ab9bc\" data-element_type=\"column\">\n\t\t\t<div class=\"elementor-widget-wrap elementor-element-populated\">\n\t\t\t\t\t\t<div class=\"elementor-element elementor-element-4fd5c48 elementor-absolute elementor-widget elementor-widget-image\" data-id=\"4fd5c48\" data-element_type=\"widget\" data-settings=\"{&quot;_position&quot;:&quot;absolute&quot;}\" data-widget_type=\"image.default\">\n\t\t\t\t<div class=\"elementor-widget-container\">\n\t\t\t\t\t\t\t\t\t\t\t\t\t\t<a href=\"https:\/\/brandstrat.com\/Tecnologia\/wp-content\/uploads\/2023\/04\/VPN-scaled.jpg\" data-elementor-open-lightbox=\"yes\" data-elementor-lightbox-title=\"Angry young businessman looking at laptop, office background.\" data-e-action-hash=\"#elementor-action%3Aaction%3Dlightbox%26settings%3DeyJpZCI6MjI4LCJ1cmwiOiJodHRwczpcL1wvYnJhbmRzdHJhdC5jb21cL1RlY25vbG9naWFcL3dwLWNvbnRlbnRcL3VwbG9hZHNcLzIwMjNcLzA0XC9WUE4tc2NhbGVkLmpwZyJ9\">\n\t\t\t\t\t\t\t<img decoding=\"async\" width=\"1024\" height=\"683\" src=\"https:\/\/brandstrat.com\/Tecnologia\/wp-content\/uploads\/2023\/04\/VPN-1024x683.jpg\" class=\"attachment-large size-large wp-image-228\" alt=\"\" srcset=\"https:\/\/brandstrat.com\/Tecnologia\/wp-content\/uploads\/2023\/04\/VPN-1024x683.jpg 1024w, https:\/\/brandstrat.com\/Tecnologia\/wp-content\/uploads\/2023\/04\/VPN-300x200.jpg 300w, https:\/\/brandstrat.com\/Tecnologia\/wp-content\/uploads\/2023\/04\/VPN-768x512.jpg 768w, https:\/\/brandstrat.com\/Tecnologia\/wp-content\/uploads\/2023\/04\/VPN-1536x1024.jpg 1536w, https:\/\/brandstrat.com\/Tecnologia\/wp-content\/uploads\/2023\/04\/VPN-2048x1365.jpg 2048w, https:\/\/brandstrat.com\/Tecnologia\/wp-content\/uploads\/2023\/04\/VPN-18x12.jpg 18w\" sizes=\"(max-width: 1024px) 100vw, 1024px\" \/>\t\t\t\t\t\t\t\t<\/a>\n\t\t\t\t\t\t\t\t\t\t\t\t\t<\/div>\n\t\t\t\t<\/div>\n\t\t\t\t\t<\/div>\n\t\t<\/div>\n\t\t\t\t<div class=\"elementor-column elementor-col-66 elementor-top-column elementor-element elementor-element-a392928\" data-id=\"a392928\" data-element_type=\"column\">\n\t\t\t<div class=\"elementor-widget-wrap elementor-element-populated\">\n\t\t\t\t\t\t<div class=\"elementor-element elementor-element-299df93 elementor-widget elementor-widget-text-editor\" data-id=\"299df93\" data-element_type=\"widget\" data-widget_type=\"text-editor.default\">\n\t\t\t\t<div class=\"elementor-widget-container\">\n\t\t\t<style>\/*! elementor - v3.22.0 - 17-06-2024 *\/\n.elementor-widget-text-editor.elementor-drop-cap-view-stacked .elementor-drop-cap{background-color:#69727d;color:#fff}.elementor-widget-text-editor.elementor-drop-cap-view-framed .elementor-drop-cap{color:#69727d;border:3px solid;background-color:transparent}.elementor-widget-text-editor:not(.elementor-drop-cap-view-default) .elementor-drop-cap{margin-top:8px}.elementor-widget-text-editor:not(.elementor-drop-cap-view-default) .elementor-drop-cap-letter{width:1em;height:1em}.elementor-widget-text-editor .elementor-drop-cap{float:left;text-align:center;line-height:1;font-size:50px}.elementor-widget-text-editor .elementor-drop-cap-letter{display:inline-block}<\/style>\t\t\t\t<p><span style=\"color: #ff9900;\"><b>Before contacting support, validate the following steps:<\/b><\/span><\/p><p><span style=\"color: #ffffff;\"><b>\u00a0 \u00a0 \u00a0 \u00a0Connection instability:<\/b><\/span><br \/><span style=\"color: #ffffff;\">Due to its characteristics, it is normal that the VPN connection is not stable, i.e. it is not like being connected to an Internet page.<\/span><br \/><span style=\"color: #ffffff;\">\u00a0 \u00a0 \u00a0 <b>If you are having problems, validate the following:<\/b><\/span><br \/><span style=\"color: #ffffff;\">\u00a0 \u00a0 \u00a0 \u00a0 \u00a0 \u00a0 \u00a0 \u00a0 \u00a0 You are connected to your Internet network.<\/span><br \/><span style=\"color: #ffffff;\">\u00a0 \u00a0 \u00a0 \u00a0 \u00a0 \u00a0 \u00a0 \u00a0 \u00a0 Check that the VPN connection says Connected.<\/span><br \/><span style=\"color: #ffffff;\">\u00a0 \u00a0 \u00a0 \u00a0 \u00a0 \u00a0 \u00a0 \u00a0 \u00a0 Restart the Internet service and the computer at the same time.<\/span><br \/><span style=\"color: #ffffff;\"><b>\u00a0 \u00a0 \u00a0 Errors when saving files:<\/b><\/span><br \/><span style=\"color: #ffffff;\">There are some VPN services that tend to disconnect if they encounter any problem with the service; this causes us to not be able to save the files correctly; appearing errors such as: \"the file already exists or we cannot replace it\". This can be solved in the following way:<\/span><br \/><span style=\"color: #ffffff;\">\u00a0 \u00a0 \u00a0 \u00a0 \u00a0 \u00a0 \u00a0 \u00a0 \u00a0Save it as a second version in the same path<\/span><br \/><span style=\"color: #ffffff;\">\u00a0 \u00a0 \u00a0 \u00a0 \u00a0 \u00a0 \u00a0 \u00a0 \u00a0Delete the previous version so that you do not duplicate the information.<\/span><\/p><p><span style=\"color: #ffffff;\">\u00a0 \u00a0 \u00a0 \u00a0 \u00a0<\/span><span style=\"color: #ff5b00; font-family: Calibri; font-size: 18pt; font-weight: bold; text-align: center; background-color: transparent;\">The commitment to information security belongs to everyone!<\/span><\/p>\t\t\t\t\t\t<\/div>\n\t\t\t\t<\/div>\n\t\t\t\t\t<\/div>\n\t\t<\/div>\n\t\t\t\t\t<\/div>\n\t\t<\/section>\n\t\t\t\t<\/div>","protected":false},"excerpt":{"rendered":"<p>Problemas frecuentes y uso de la VPN Antes de comunicarse con soporte, validar los siguientes pasos: \u00a0 \u00a0 \u00a0 \u00a0Inestabilidad de la conexi\u00f3n:Por sus caracter\u00edsticas es normal que la conexi\u00f3n a la VPN no sea estable, es decir no es como estar conectado a una p\u00e1gina de internet.\u00a0 \u00a0 \u00a0 Si est\u00e1 teniendo problemas, valide&#8230;<\/p>","protected":false},"author":1,"featured_media":59,"parent":0,"menu_order":0,"comment_status":"closed","ping_status":"closed","template":"elementor_header_footer","meta":{"_kad_post_transparent":"default","_kad_post_title":"default","_kad_post_layout":"default","_kad_post_sidebar_id":"","_kad_post_content_style":"default","_kad_post_vertical_padding":"default","_kad_post_feature":"","_kad_post_feature_position":"","_kad_post_header":false,"_kad_post_footer":false,"footnotes":""},"class_list":["post-530","page","type-page","status-publish","has-post-thumbnail","hentry"],"_links":{"self":[{"href":"https:\/\/brandstrat.com\/Tecnologia\/en\/wp-json\/wp\/v2\/pages\/530","targetHints":{"allow":["GET"]}}],"collection":[{"href":"https:\/\/brandstrat.com\/Tecnologia\/en\/wp-json\/wp\/v2\/pages"}],"about":[{"href":"https:\/\/brandstrat.com\/Tecnologia\/en\/wp-json\/wp\/v2\/types\/page"}],"author":[{"embeddable":true,"href":"https:\/\/brandstrat.com\/Tecnologia\/en\/wp-json\/wp\/v2\/users\/1"}],"replies":[{"embeddable":true,"href":"https:\/\/brandstrat.com\/Tecnologia\/en\/wp-json\/wp\/v2\/comments?post=530"}],"version-history":[{"count":10,"href":"https:\/\/brandstrat.com\/Tecnologia\/en\/wp-json\/wp\/v2\/pages\/530\/revisions"}],"predecessor-version":[{"id":608,"href":"https:\/\/brandstrat.com\/Tecnologia\/en\/wp-json\/wp\/v2\/pages\/530\/revisions\/608"}],"wp:featuredmedia":[{"embeddable":true,"href":"https:\/\/brandstrat.com\/Tecnologia\/en\/wp-json\/wp\/v2\/media\/59"}],"wp:attachment":[{"href":"https:\/\/brandstrat.com\/Tecnologia\/en\/wp-json\/wp\/v2\/media?parent=530"}],"curies":[{"name":"wp","href":"https:\/\/api.w.org\/{rel}","templated":true}]}}