{"id":454,"date":"2023-04-01T17:58:56","date_gmt":"2023-04-01T17:58:56","guid":{"rendered":"https:\/\/brandstrat.com\/Tecnologia\/comunicados-2\/"},"modified":"2024-06-20T22:21:33","modified_gmt":"2024-06-20T22:21:33","slug":"comunicados-2","status":"publish","type":"page","link":"https:\/\/brandstrat.com\/Tecnologia\/comunicados-2\/","title":{"rendered":"Nuestro compromiso de seguridad"},"content":{"rendered":"\t\t<div data-elementor-type=\"wp-page\" data-elementor-id=\"454\" class=\"elementor elementor-454\">\n\t\t\t\t\t\t<section class=\"elementor-section elementor-top-section elementor-element elementor-element-e7d736a elementor-section-boxed elementor-section-height-default elementor-section-height-default\" data-id=\"e7d736a\" data-element_type=\"section\" data-settings=\"{&quot;background_background&quot;:&quot;classic&quot;}\">\n\t\t\t\t\t\t<div class=\"elementor-container elementor-column-gap-default\">\n\t\t\t\t\t<div class=\"elementor-column elementor-col-100 elementor-top-column elementor-element elementor-element-89948ca\" data-id=\"89948ca\" data-element_type=\"column\">\n\t\t\t<div class=\"elementor-widget-wrap elementor-element-populated\">\n\t\t\t\t\t\t<div class=\"elementor-element elementor-element-f597441 elementor-widget elementor-widget-image\" data-id=\"f597441\" data-element_type=\"widget\" data-widget_type=\"image.default\">\n\t\t\t\t<div class=\"elementor-widget-container\">\n\t\t\t<style>\/*! elementor - v3.22.0 - 17-06-2024 *\/\n.elementor-widget-image{text-align:center}.elementor-widget-image a{display:inline-block}.elementor-widget-image a img[src$=\".svg\"]{width:48px}.elementor-widget-image img{vertical-align:middle;display:inline-block}<\/style>\t\t\t\t\t\t\t\t\t\t\t<a href=\"https:\/\/brandstrat.com\/Tecnologia\/comunicados\/\" target=\"_blank\">\n\t\t\t\t\t\t\t<img fetchpriority=\"high\" decoding=\"async\" width=\"768\" height=\"432\" src=\"https:\/\/brandstrat.com\/Tecnologia\/wp-content\/uploads\/2023\/04\/Presentacion1-768x432.png\" class=\"attachment-medium_large size-medium_large wp-image-227\" alt=\"\" srcset=\"https:\/\/brandstrat.com\/Tecnologia\/wp-content\/uploads\/2023\/04\/Presentacion1-768x432.png 768w, https:\/\/brandstrat.com\/Tecnologia\/wp-content\/uploads\/2023\/04\/Presentacion1-300x169.png 300w, https:\/\/brandstrat.com\/Tecnologia\/wp-content\/uploads\/2023\/04\/Presentacion1-1024x576.png 1024w, https:\/\/brandstrat.com\/Tecnologia\/wp-content\/uploads\/2023\/04\/Presentacion1-18x10.png 18w, https:\/\/brandstrat.com\/Tecnologia\/wp-content\/uploads\/2023\/04\/Presentacion1.png 1280w\" sizes=\"(max-width: 768px) 100vw, 768px\" \/>\t\t\t\t\t\t\t\t<\/a>\n\t\t\t\t\t\t\t\t\t\t\t\t\t<\/div>\n\t\t\t\t<\/div>\n\t\t\t\t\t<\/div>\n\t\t<\/div>\n\t\t\t\t\t<\/div>\n\t\t<\/section>\n\t\t\t\t<section class=\"elementor-section elementor-top-section elementor-element elementor-element-c6557df elementor-section-boxed elementor-section-height-default elementor-section-height-default\" data-id=\"c6557df\" data-element_type=\"section\" data-settings=\"{&quot;background_background&quot;:&quot;classic&quot;}\">\n\t\t\t\t\t\t<div class=\"elementor-container elementor-column-gap-default\">\n\t\t\t\t\t<div class=\"elementor-column elementor-col-100 elementor-top-column elementor-element elementor-element-09cac08\" data-id=\"09cac08\" data-element_type=\"column\">\n\t\t\t<div class=\"elementor-widget-wrap elementor-element-populated\">\n\t\t\t\t\t\t<div class=\"elementor-element elementor-element-aaec4cc elementor-widget elementor-widget-heading\" data-id=\"aaec4cc\" data-element_type=\"widget\" data-widget_type=\"heading.default\">\n\t\t\t\t<div class=\"elementor-widget-container\">\n\t\t\t<style>\/*! elementor - v3.22.0 - 17-06-2024 *\/\n.elementor-heading-title{padding:0;margin:0;line-height:1}.elementor-widget-heading .elementor-heading-title[class*=elementor-size-]>a{color:inherit;font-size:inherit;line-height:inherit}.elementor-widget-heading .elementor-heading-title.elementor-size-small{font-size:15px}.elementor-widget-heading .elementor-heading-title.elementor-size-medium{font-size:19px}.elementor-widget-heading .elementor-heading-title.elementor-size-large{font-size:29px}.elementor-widget-heading .elementor-heading-title.elementor-size-xl{font-size:39px}.elementor-widget-heading .elementor-heading-title.elementor-size-xxl{font-size:59px}<\/style><h2 class=\"elementor-heading-title elementor-size-default\">Nuestro compromiso de seguridad<\/h2>\t\t<\/div>\n\t\t\t\t<\/div>\n\t\t\t\t\t<\/div>\n\t\t<\/div>\n\t\t\t\t\t<\/div>\n\t\t<\/section>\n\t\t\t\t<section class=\"elementor-section elementor-top-section elementor-element elementor-element-2818c72 elementor-section-boxed elementor-section-height-default elementor-section-height-default\" data-id=\"2818c72\" data-element_type=\"section\" data-settings=\"{&quot;background_background&quot;:&quot;classic&quot;}\">\n\t\t\t\t\t\t<div class=\"elementor-container elementor-column-gap-default\">\n\t\t\t\t\t<div class=\"elementor-column elementor-col-66 elementor-top-column elementor-element elementor-element-83e1311\" data-id=\"83e1311\" data-element_type=\"column\">\n\t\t\t<div class=\"elementor-widget-wrap elementor-element-populated\">\n\t\t\t\t\t\t<div class=\"elementor-element elementor-element-f7be12b elementor-widget elementor-widget-text-editor\" data-id=\"f7be12b\" data-element_type=\"widget\" data-widget_type=\"text-editor.default\">\n\t\t\t\t<div class=\"elementor-widget-container\">\n\t\t\t<style>\/*! elementor - v3.22.0 - 17-06-2024 *\/\n.elementor-widget-text-editor.elementor-drop-cap-view-stacked .elementor-drop-cap{background-color:#69727d;color:#fff}.elementor-widget-text-editor.elementor-drop-cap-view-framed .elementor-drop-cap{color:#69727d;border:3px solid;background-color:transparent}.elementor-widget-text-editor:not(.elementor-drop-cap-view-default) .elementor-drop-cap{margin-top:8px}.elementor-widget-text-editor:not(.elementor-drop-cap-view-default) .elementor-drop-cap-letter{width:1em;height:1em}.elementor-widget-text-editor .elementor-drop-cap{float:left;text-align:center;line-height:1;font-size:50px}.elementor-widget-text-editor .elementor-drop-cap-letter{display:inline-block}<\/style>\t\t\t\t<h6><span style=\"color: #ff6600;\">Para garantizar la durabilidad y el rendimiento \u00f3ptimo de sus equipos port\u00e1tiles, les proporcionamos los siguientes consejos al apagar y transportar susdispositivos:<\/span><span style=\"font-size: 18.0pt; font-family: 'Trebuchet MS'; mso-ascii-font-family: 'Trebuchet MS'; mso-fareast-font-family: +mn-ea; mso-bidi-font-family: 'Trebuchet MS'; mso-fareast-theme-font: major-fareast; color: #ff5b00; mso-font-kerning: 12.0pt; language: es-CO; font-weight: bold; font-style: italic; mso-style-textfill-type: solid; mso-style-textfill-fill-color: #FF5B00; mso-style-textfill-fill-alpha: 100.0%;\"><br><\/span><\/h6>\n<p><span style=\"color: #ffffff;\">Apagado Correcto: Antes de desconectar o transportar su port\u00e1til, aseg\u00farese de apagarlo correctamente. Evite simplemente cerrar la tapa sin apagarlo, ya que esto puede afectar la integridad de los archivos y la memoria.<\/span><\/p>\n<p><span style=\"color: #ffffff;\">Enfriamiento Previo: Despu\u00e9s de usar su port\u00e1til durante un per\u00edodo prolongado, permita que se enfr\u00ede antes de apagarlo (cierre todo lo que tenga abierto). Esto ayuda a evitar da\u00f1os por calor y mejora la vida \u00fatil de los componentes internos.<\/span><\/p>\n<p><span style=\"color: #ffffff;\">Actualizaciones Importantes: Antes de apagar su port\u00e1til, verifique si hay actualizaciones pendientes. Instale las actualizaciones disponibles para mantener su sistema operativo y aplicaciones al d\u00eda. Esto mejora la seguridad y el rendimiento general.&nbsp;<\/span><\/p>\n<p><span style=\"font-family: var( --e-global-typography-text-font-family ), Sans-serif; font-weight: var( --e-global-typography-text-font-weight ); background-color: transparent; color: #ffffff;\">&nbsp; &nbsp; &nbsp; &nbsp; &nbsp;<\/span><span style=\"background-color: transparent; color: #ff5b00; font-family: Calibri; font-size: 18pt; font-weight: bold; text-align: center;\">\u00a1El compromiso con la seguridad de la informaci\u00f3n es de todos!<\/span><\/p>\t\t\t\t\t\t<\/div>\n\t\t\t\t<\/div>\n\t\t\t\t\t<\/div>\n\t\t<\/div>\n\t\t\t\t<div class=\"elementor-column elementor-col-33 elementor-top-column elementor-element elementor-element-9f9463d\" data-id=\"9f9463d\" data-element_type=\"column\">\n\t\t\t<div class=\"elementor-widget-wrap elementor-element-populated\">\n\t\t\t\t\t\t<div class=\"elementor-element elementor-element-d87d956 elementor-absolute elementor-widget elementor-widget-image\" data-id=\"d87d956\" data-element_type=\"widget\" data-settings=\"{&quot;_position&quot;:&quot;absolute&quot;}\" data-widget_type=\"image.default\">\n\t\t\t\t<div class=\"elementor-widget-container\">\n\t\t\t\t\t\t\t\t\t\t\t\t\t\t<a href=\"https:\/\/brandstrat.com\/Tecnologia\/wp-content\/uploads\/2023\/04\/2175197-scaled.jpg\" data-elementor-open-lightbox=\"yes\" data-elementor-lightbox-title=\"2175197\" data-e-action-hash=\"#elementor-action%3Aaction%3Dlightbox%26settings%3DeyJpZCI6MjAwLCJ1cmwiOiJodHRwczpcL1wvYnJhbmRzdHJhdC5jb21cL1RlY25vbG9naWFcL3dwLWNvbnRlbnRcL3VwbG9hZHNcLzIwMjNcLzA0XC8yMTc1MTk3LXNjYWxlZC5qcGcifQ%3D%3D\">\n\t\t\t\t\t\t\t<img decoding=\"async\" width=\"1024\" height=\"723\" src=\"https:\/\/brandstrat.com\/Tecnologia\/wp-content\/uploads\/2023\/04\/2175197-1024x723.jpg\" class=\"attachment-large size-large wp-image-200\" alt=\"\" srcset=\"https:\/\/brandstrat.com\/Tecnologia\/wp-content\/uploads\/2023\/04\/2175197-1024x723.jpg 1024w, https:\/\/brandstrat.com\/Tecnologia\/wp-content\/uploads\/2023\/04\/2175197-300x212.jpg 300w, https:\/\/brandstrat.com\/Tecnologia\/wp-content\/uploads\/2023\/04\/2175197-768x542.jpg 768w, https:\/\/brandstrat.com\/Tecnologia\/wp-content\/uploads\/2023\/04\/2175197-1536x1084.jpg 1536w, https:\/\/brandstrat.com\/Tecnologia\/wp-content\/uploads\/2023\/04\/2175197-2048x1445.jpg 2048w, https:\/\/brandstrat.com\/Tecnologia\/wp-content\/uploads\/2023\/04\/2175197-18x12.jpg 18w\" sizes=\"(max-width: 1024px) 100vw, 1024px\" \/>\t\t\t\t\t\t\t\t<\/a>\n\t\t\t\t\t\t\t\t\t\t\t\t\t<\/div>\n\t\t\t\t<\/div>\n\t\t\t\t\t<\/div>\n\t\t<\/div>\n\t\t\t\t\t<\/div>\n\t\t<\/section>\n\t\t\t\t<\/div>\n\t\t","protected":false},"excerpt":{"rendered":"<p>Nuestro compromiso de seguridad Para garantizar la durabilidad y el rendimiento \u00f3ptimo de sus equipos port\u00e1tiles, les proporcionamos los siguientes consejos al apagar y transportar susdispositivos: Apagado Correcto: Antes de desconectar o transportar su port\u00e1til, aseg\u00farese de apagarlo correctamente. Evite simplemente cerrar la tapa sin apagarlo, ya que esto puede afectar la integridad de los&#8230;<\/p>\n","protected":false},"author":1,"featured_media":59,"parent":0,"menu_order":0,"comment_status":"closed","ping_status":"closed","template":"elementor_header_footer","meta":{"_kad_post_transparent":"default","_kad_post_title":"default","_kad_post_layout":"default","_kad_post_sidebar_id":"","_kad_post_content_style":"default","_kad_post_vertical_padding":"default","_kad_post_feature":"","_kad_post_feature_position":"","_kad_post_header":false,"_kad_post_footer":false,"footnotes":""},"class_list":["post-454","page","type-page","status-publish","has-post-thumbnail","hentry"],"_links":{"self":[{"href":"https:\/\/brandstrat.com\/Tecnologia\/wp-json\/wp\/v2\/pages\/454","targetHints":{"allow":["GET"]}}],"collection":[{"href":"https:\/\/brandstrat.com\/Tecnologia\/wp-json\/wp\/v2\/pages"}],"about":[{"href":"https:\/\/brandstrat.com\/Tecnologia\/wp-json\/wp\/v2\/types\/page"}],"author":[{"embeddable":true,"href":"https:\/\/brandstrat.com\/Tecnologia\/wp-json\/wp\/v2\/users\/1"}],"replies":[{"embeddable":true,"href":"https:\/\/brandstrat.com\/Tecnologia\/wp-json\/wp\/v2\/comments?post=454"}],"version-history":[{"count":92,"href":"https:\/\/brandstrat.com\/Tecnologia\/wp-json\/wp\/v2\/pages\/454\/revisions"}],"predecessor-version":[{"id":630,"href":"https:\/\/brandstrat.com\/Tecnologia\/wp-json\/wp\/v2\/pages\/454\/revisions\/630"}],"wp:featuredmedia":[{"embeddable":true,"href":"https:\/\/brandstrat.com\/Tecnologia\/wp-json\/wp\/v2\/media\/59"}],"wp:attachment":[{"href":"https:\/\/brandstrat.com\/Tecnologia\/wp-json\/wp\/v2\/media?parent=454"}],"curies":[{"name":"wp","href":"https:\/\/api.w.org\/{rel}","templated":true}]}}