{"id":146,"date":"2023-03-29T04:55:29","date_gmt":"2023-03-29T04:55:29","guid":{"rendered":"https:\/\/brandstrat.com\/Wp2\/?page_id=146"},"modified":"2023-03-29T15:31:37","modified_gmt":"2023-03-29T15:31:37","slug":"sincronizacion-archivos","status":"publish","type":"page","link":"https:\/\/brandstrat.com\/Wp2\/en\/sincronizacion-archivos\/","title":{"rendered":"Sincronizaci\u00f3n Archivos"},"content":{"rendered":"<div data-elementor-type=\"wp-page\" data-elementor-id=\"146\" class=\"elementor elementor-146\">\n\t\t\t\t\t\t\t\t\t<section class=\"elementor-section elementor-top-section elementor-element elementor-element-5dcc55e animated-slow elementor-section-boxed elementor-section-height-default elementor-section-height-default elementor-invisible\" data-id=\"5dcc55e\" data-element_type=\"section\" data-settings=\"{&quot;background_background&quot;:&quot;video&quot;,&quot;background_video_link&quot;:&quot;https:\\\/\\\/www.youtube.com\\\/watch?v=vP_yQPjnRpo&amp;ab_channel=FlordelZen&quot;,&quot;animation&quot;:&quot;fadeInDown&quot;,&quot;animation_delay&quot;:0}\">\n\t\t\t\t\t\t\t\t<div class=\"elementor-background-video-container elementor-hidden-phone\">\n\t\t\t\t\t\t\t\t\t\t\t\t\t<div class=\"elementor-background-video-embed\"><\/div>\n\t\t\t\t\t\t\t\t\t\t\t\t<\/div>\n\t\t\t\t\t\t\t\t<div class=\"elementor-container elementor-column-gap-default\">\n\t\t\t\t\t<div class=\"elementor-column elementor-col-100 elementor-top-column elementor-element elementor-element-f8081a7\" data-id=\"f8081a7\" data-element_type=\"column\">\n\t\t\t<div class=\"elementor-widget-wrap elementor-element-populated\">\n\t\t\t\t\t\t\t\t<section class=\"elementor-section elementor-inner-section elementor-element elementor-element-988c1e7 elementor-section-boxed elementor-section-height-default elementor-section-height-default\" data-id=\"988c1e7\" data-element_type=\"section\">\n\t\t\t\t\t\t<div class=\"elementor-container elementor-column-gap-default\">\n\t\t\t\t\t<div class=\"elementor-column elementor-col-50 elementor-inner-column elementor-element elementor-element-b21bdae\" data-id=\"b21bdae\" data-element_type=\"column\">\n\t\t\t<div class=\"elementor-widget-wrap elementor-element-populated\">\n\t\t\t\t\t\t\t\t<div class=\"elementor-element elementor-element-a9f2619 elementor-widget elementor-widget-image\" data-id=\"a9f2619\" data-element_type=\"widget\" data-widget_type=\"image.default\">\n\t\t\t\t<div class=\"elementor-widget-container\">\n\t\t\t<style>\/*! elementor - v3.11.5 - 14-03-2023 *\/\n.elementor-widget-image{text-align:center}.elementor-widget-image a{display:inline-block}.elementor-widget-image a img[src$=\".svg\"]{width:48px}.elementor-widget-image img{vertical-align:middle;display:inline-block}<\/style>\t\t\t\t\t\t\t\t\t\t\t\t\t<a href=\"https:\/\/brandstrat.com\/Wp2\/wp-content\/uploads\/2023\/03\/SynToy-1-1.jpg\" data-elementor-open-lightbox=\"yes\" data-elementor-lightbox-title=\"SynToy #1\" data-e-action-hash=\"#elementor-action%3Aaction%3Dlightbox%26settings%3DeyJpZCI6MTU0LCJ1cmwiOiJodHRwczpcL1wvYnJhbmRzdHJhdC5jb21cL1dwMlwvd3AtY29udGVudFwvdXBsb2Fkc1wvMjAyM1wvMDNcL1N5blRveS0xLTEuanBnIn0%3D\">\n\t\t\t\t\t\t\t<img loading=\"lazy\" decoding=\"async\" width=\"745\" height=\"624\" src=\"https:\/\/brandstrat.com\/Wp2\/wp-content\/uploads\/2023\/03\/SynToy-1-1.jpg\" class=\"attachment-full size-full wp-image-154\" alt=\"\" srcset=\"https:\/\/brandstrat.com\/Wp2\/wp-content\/uploads\/2023\/03\/SynToy-1-1.jpg 745w, https:\/\/brandstrat.com\/Wp2\/wp-content\/uploads\/2023\/03\/SynToy-1-1-300x251.jpg 300w, https:\/\/brandstrat.com\/Wp2\/wp-content\/uploads\/2023\/03\/SynToy-1-1-14x12.jpg 14w\" sizes=\"auto, (max-width: 745px) 100vw, 745px\" \/>\t\t\t\t\t\t\t\t<\/a>\n\t\t\t\t\t\t\t\t\t\t\t\t\t\t\t<\/div>\n\t\t\t\t<\/div>\n\t\t\t\t\t<\/div>\n\t\t<\/div>\n\t\t\t\t<div class=\"elementor-column elementor-col-50 elementor-inner-column elementor-element elementor-element-606ff36\" data-id=\"606ff36\" data-element_type=\"column\">\n\t\t\t<div class=\"elementor-widget-wrap elementor-element-populated\">\n\t\t\t\t\t\t\t\t<div class=\"elementor-element elementor-element-a7f3295 elementor-widget elementor-widget-text-editor\" data-id=\"a7f3295\" data-element_type=\"widget\" data-widget_type=\"text-editor.default\">\n\t\t\t\t<div class=\"elementor-widget-container\">\n\t\t\t<style>\/*! elementor - v3.11.5 - 14-03-2023 *\/\n.elementor-widget-text-editor.elementor-drop-cap-view-stacked .elementor-drop-cap{background-color:#818a91;color:#fff}.elementor-widget-text-editor.elementor-drop-cap-view-framed .elementor-drop-cap{color:#818a91;border:3px solid;background-color:transparent}.elementor-widget-text-editor:not(.elementor-drop-cap-view-default) .elementor-drop-cap{margin-top:8px}.elementor-widget-text-editor:not(.elementor-drop-cap-view-default) .elementor-drop-cap-letter{width:1em;height:1em}.elementor-widget-text-editor .elementor-drop-cap{float:left;text-align:center;line-height:1;font-size:50px}.elementor-widget-text-editor .elementor-drop-cap-letter{display:inline-block}<\/style>\t\t\t\t<p>SyncToy es un software gratuito desarrollado por Microsoft que permite sincronizar, copiar y hacer copias de seguridad de archivos y carpetas en diferentes ubicaciones de una computadora o entre diferentes dispositivos de almacenamiento.<\/p><p>\u00a0<\/p><p>SyncToy funciona en sistemas operativos Windows y se puede utilizar para sincronizar archivos y carpetas entre unidades locales, unidades de red y dispositivos externos, como discos duros externos y dispositivos USB. El software tambi\u00e9n proporciona opciones para sincronizar archivos bidireccionalmente, copiar solo archivos nuevos o modificados, excluir archivos o carpetas espec\u00edficos de la sincronizaci\u00f3n y m\u00e1s.<\/p><p>\u00a0<\/p><p>En resumen, SyncToy es una herramienta \u00fatil para aquellos que necesitan mantener los archivos y carpetas sincronizados y actualizados en diferentes ubicaciones o dispositivos de almacenamiento de manera eficiente y conveniente.<\/p>\t\t\t\t\t\t<\/div>\n\t\t\t\t<\/div>\n\t\t\t\t\t<\/div>\n\t\t<\/div>\n\t\t\t\t\t\t\t<\/div>\n\t\t<\/section>\n\t\t\t\t\t<\/div>\n\t\t<\/div>\n\t\t\t\t\t\t\t<\/div>\n\t\t<\/section>\n\t\t\t\t<section class=\"elementor-section elementor-top-section elementor-element elementor-element-d4a9f97 animated-slow elementor-section-boxed elementor-section-height-default elementor-section-height-default elementor-invisible\" data-id=\"d4a9f97\" data-element_type=\"section\" data-settings=\"{&quot;background_background&quot;:&quot;video&quot;,&quot;background_video_link&quot;:&quot;https:\\\/\\\/www.youtube.com\\\/watch?v=vP_yQPjnRpo&amp;ab_channel=FlordelZen&quot;,&quot;animation&quot;:&quot;fadeInDown&quot;,&quot;animation_delay&quot;:0}\">\n\t\t\t\t\t\t\t\t<div class=\"elementor-background-video-container elementor-hidden-phone\">\n\t\t\t\t\t\t\t\t\t\t\t\t\t<div class=\"elementor-background-video-embed\"><\/div>\n\t\t\t\t\t\t\t\t\t\t\t\t<\/div>\n\t\t\t\t\t\t\t\t<div class=\"elementor-container elementor-column-gap-default\">\n\t\t\t\t\t<div class=\"elementor-column elementor-col-100 elementor-top-column elementor-element elementor-element-c0f1230\" data-id=\"c0f1230\" data-element_type=\"column\">\n\t\t\t<div class=\"elementor-widget-wrap elementor-element-populated\">\n\t\t\t\t\t\t\t\t<section class=\"elementor-section elementor-inner-section elementor-element elementor-element-5cac0c9 elementor-section-boxed elementor-section-height-default elementor-section-height-default\" data-id=\"5cac0c9\" data-element_type=\"section\">\n\t\t\t\t\t\t<div class=\"elementor-container elementor-column-gap-default\">\n\t\t\t\t\t<div class=\"elementor-column elementor-col-50 elementor-inner-column elementor-element elementor-element-c8f582a\" data-id=\"c8f582a\" data-element_type=\"column\">\n\t\t\t<div class=\"elementor-widget-wrap elementor-element-populated\">\n\t\t\t\t\t\t\t\t<div class=\"elementor-element elementor-element-9d1d421 elementor-widget elementor-widget-image\" data-id=\"9d1d421\" data-element_type=\"widget\" data-widget_type=\"image.default\">\n\t\t\t\t<div class=\"elementor-widget-container\">\n\t\t\t\t\t\t\t\t\t\t\t\t\t\t\t\t<a href=\"https:\/\/brandstrat.com\/Wp2\/wp-content\/uploads\/2023\/03\/SyncFolders-1-1.jpg\" data-elementor-open-lightbox=\"yes\" data-elementor-lightbox-title=\"SyncFolders #1\" data-e-action-hash=\"#elementor-action%3Aaction%3Dlightbox%26settings%3DeyJpZCI6MTUzLCJ1cmwiOiJodHRwczpcL1wvYnJhbmRzdHJhdC5jb21cL1dwMlwvd3AtY29udGVudFwvdXBsb2Fkc1wvMjAyM1wvMDNcL1N5bmNGb2xkZXJzLTEtMS5qcGcifQ%3D%3D\">\n\t\t\t\t\t\t\t<img loading=\"lazy\" decoding=\"async\" width=\"558\" height=\"336\" src=\"https:\/\/brandstrat.com\/Wp2\/wp-content\/uploads\/2023\/03\/SyncFolders-1-1.jpg\" class=\"attachment-full size-full wp-image-153\" alt=\"\" srcset=\"https:\/\/brandstrat.com\/Wp2\/wp-content\/uploads\/2023\/03\/SyncFolders-1-1.jpg 558w, https:\/\/brandstrat.com\/Wp2\/wp-content\/uploads\/2023\/03\/SyncFolders-1-1-300x181.jpg 300w, https:\/\/brandstrat.com\/Wp2\/wp-content\/uploads\/2023\/03\/SyncFolders-1-1-18x12.jpg 18w\" sizes=\"auto, (max-width: 558px) 100vw, 558px\" \/>\t\t\t\t\t\t\t\t<\/a>\n\t\t\t\t\t\t\t\t\t\t\t\t\t\t\t<\/div>\n\t\t\t\t<\/div>\n\t\t\t\t\t<\/div>\n\t\t<\/div>\n\t\t\t\t<div class=\"elementor-column elementor-col-50 elementor-inner-column elementor-element elementor-element-c281fd2\" data-id=\"c281fd2\" data-element_type=\"column\">\n\t\t\t<div class=\"elementor-widget-wrap elementor-element-populated\">\n\t\t\t\t\t\t\t\t<div class=\"elementor-element elementor-element-0324ceb elementor-widget elementor-widget-text-editor\" data-id=\"0324ceb\" data-element_type=\"widget\" data-widget_type=\"text-editor.default\">\n\t\t\t\t<div class=\"elementor-widget-container\">\n\t\t\t\t\t\t\t<p>SyncFolders es un software de sincronizaci\u00f3n y copia de seguridad de archivos para Windows que permite sincronizar archivos y carpetas en diferentes ubicaciones de la computadora o en dispositivos externos.<\/p><p>El software funciona mediante la comparaci\u00f3n de los archivos y carpetas seleccionados y determinando qu\u00e9 archivos necesitan ser actualizados o copiados. SyncFolders ofrece una variedad de opciones de sincronizaci\u00f3n, como sincronizaci\u00f3n unidireccional o bidireccional, copia de archivos y carpetas espec\u00edficos, exclusi\u00f3n de archivos y carpetas espec\u00edficos, y sincronizaci\u00f3n autom\u00e1tica en un horario preestablecido.<\/p><p>SyncFolders es \u00fatil para aquellos que necesitan mantener diferentes archivos y carpetas sincronizados y actualizados en diferentes ubicaciones o dispositivos de almacenamiento, ya sea para mantener una copia de seguridad de sus datos o para facilitar la transferencia de archivos entre diferentes dispositivos. Adem\u00e1s, como SyncFolders es gratuito y de c\u00f3digo abierto, es una opci\u00f3n econ\u00f3mica y confiable para la sincronizaci\u00f3n y copia de seguridad de archivos.<\/p>\t\t\t\t\t\t<\/div>\n\t\t\t\t<\/div>\n\t\t\t\t\t<\/div>\n\t\t<\/div>\n\t\t\t\t\t\t\t<\/div>\n\t\t<\/section>\n\t\t\t\t\t<\/div>\n\t\t<\/div>\n\t\t\t\t\t\t\t<\/div>\n\t\t<\/section>\n\t\t\t\t<section class=\"elementor-section elementor-top-section elementor-element elementor-element-4e749c5 animated-slow elementor-section-boxed elementor-section-height-default elementor-section-height-default elementor-invisible\" data-id=\"4e749c5\" data-element_type=\"section\" data-settings=\"{&quot;background_background&quot;:&quot;video&quot;,&quot;background_video_link&quot;:&quot;https:\\\/\\\/www.youtube.com\\\/watch?v=vP_yQPjnRpo&amp;ab_channel=FlordelZen&quot;,&quot;animation&quot;:&quot;fadeInDown&quot;,&quot;animation_delay&quot;:0}\">\n\t\t\t\t\t\t\t\t<div class=\"elementor-background-video-container elementor-hidden-phone\">\n\t\t\t\t\t\t\t\t\t\t\t\t\t<div class=\"elementor-background-video-embed\"><\/div>\n\t\t\t\t\t\t\t\t\t\t\t\t<\/div>\n\t\t\t\t\t\t\t\t<div class=\"elementor-container elementor-column-gap-default\">\n\t\t\t\t\t<div class=\"elementor-column elementor-col-100 elementor-top-column elementor-element elementor-element-c810f7f\" data-id=\"c810f7f\" data-element_type=\"column\">\n\t\t\t<div class=\"elementor-widget-wrap elementor-element-populated\">\n\t\t\t\t\t\t\t\t<section class=\"elementor-section elementor-inner-section elementor-element elementor-element-82781e0 elementor-section-boxed elementor-section-height-default elementor-section-height-default\" data-id=\"82781e0\" data-element_type=\"section\">\n\t\t\t\t\t\t<div class=\"elementor-container elementor-column-gap-default\">\n\t\t\t\t\t<div class=\"elementor-column elementor-col-50 elementor-inner-column elementor-element elementor-element-b29703f\" data-id=\"b29703f\" data-element_type=\"column\">\n\t\t\t<div class=\"elementor-widget-wrap elementor-element-populated\">\n\t\t\t\t\t\t\t\t<div class=\"elementor-element elementor-element-5a5db4d elementor-widget elementor-widget-image\" data-id=\"5a5db4d\" data-element_type=\"widget\" data-widget_type=\"image.default\">\n\t\t\t\t<div class=\"elementor-widget-container\">\n\t\t\t\t\t\t\t\t\t\t\t\t\t\t\t\t<a href=\"https:\/\/brandstrat.com\/Wp2\/wp-content\/uploads\/2023\/03\/SyncBackFree-1-1.jpg\" data-elementor-open-lightbox=\"yes\" data-elementor-lightbox-title=\"SyncBackFree #1\" data-e-action-hash=\"#elementor-action%3Aaction%3Dlightbox%26settings%3DeyJpZCI6MTUyLCJ1cmwiOiJodHRwczpcL1wvYnJhbmRzdHJhdC5jb21cL1dwMlwvd3AtY29udGVudFwvdXBsb2Fkc1wvMjAyM1wvMDNcL1N5bmNCYWNrRnJlZS0xLTEuanBnIn0%3D\">\n\t\t\t\t\t\t\t<img loading=\"lazy\" decoding=\"async\" width=\"1293\" height=\"681\" src=\"https:\/\/brandstrat.com\/Wp2\/wp-content\/uploads\/2023\/03\/SyncBackFree-1-1.jpg\" class=\"attachment-full size-full wp-image-152\" alt=\"\" srcset=\"https:\/\/brandstrat.com\/Wp2\/wp-content\/uploads\/2023\/03\/SyncBackFree-1-1.jpg 1293w, https:\/\/brandstrat.com\/Wp2\/wp-content\/uploads\/2023\/03\/SyncBackFree-1-1-300x158.jpg 300w, https:\/\/brandstrat.com\/Wp2\/wp-content\/uploads\/2023\/03\/SyncBackFree-1-1-1024x539.jpg 1024w, https:\/\/brandstrat.com\/Wp2\/wp-content\/uploads\/2023\/03\/SyncBackFree-1-1-768x404.jpg 768w, https:\/\/brandstrat.com\/Wp2\/wp-content\/uploads\/2023\/03\/SyncBackFree-1-1-18x9.jpg 18w\" sizes=\"auto, (max-width: 1293px) 100vw, 1293px\" \/>\t\t\t\t\t\t\t\t<\/a>\n\t\t\t\t\t\t\t\t\t\t\t\t\t\t\t<\/div>\n\t\t\t\t<\/div>\n\t\t\t\t\t<\/div>\n\t\t<\/div>\n\t\t\t\t<div class=\"elementor-column elementor-col-50 elementor-inner-column elementor-element elementor-element-d06f9e7\" data-id=\"d06f9e7\" data-element_type=\"column\">\n\t\t\t<div class=\"elementor-widget-wrap elementor-element-populated\">\n\t\t\t\t\t\t\t\t<div class=\"elementor-element elementor-element-a109d25 elementor-widget elementor-widget-text-editor\" data-id=\"a109d25\" data-element_type=\"widget\" data-widget_type=\"text-editor.default\">\n\t\t\t\t<div class=\"elementor-widget-container\">\n\t\t\t\t\t\t\t<p>SyncBackFree es un software gratuito de sincronizaci\u00f3n y copia de seguridad de archivos para Windows que permite hacer copias de seguridad y sincronizar archivos y carpetas en diferentes ubicaciones de la computadora o en dispositivos externos.<\/p><p>El software tiene una interfaz f\u00e1cil de usar y ofrece una variedad de opciones de sincronizaci\u00f3n, como sincronizaci\u00f3n unidireccional o bidireccional, copia de archivos y carpetas espec\u00edficos, exclusi\u00f3n de archivos y carpetas espec\u00edficos, y sincronizaci\u00f3n autom\u00e1tica en un horario preestablecido. Tambi\u00e9n permite programar tareas de sincronizaci\u00f3n y copia de seguridad en intervalos de tiempo determinados.<\/p><p>SyncBackFree es adecuado para usuarios dom\u00e9sticos y peque\u00f1as empresas que necesitan realizar copias de seguridad regulares y mantener diferentes archivos y carpetas sincronizados y actualizados en diferentes ubicaciones o dispositivos de almacenamiento. El software tambi\u00e9n est\u00e1 disponible en versiones de pago que ofrecen caracter\u00edsticas adicionales, como sincronizaci\u00f3n en la nube, programaci\u00f3n avanzada y soporte t\u00e9cnico.<\/p>\t\t\t\t\t\t<\/div>\n\t\t\t\t<\/div>\n\t\t\t\t\t<\/div>\n\t\t<\/div>\n\t\t\t\t\t\t\t<\/div>\n\t\t<\/section>\n\t\t\t\t\t<\/div>\n\t\t<\/div>\n\t\t\t\t\t\t\t<\/div>\n\t\t<\/section>\n\t\t\t\t\t\t\t<\/div>","protected":false},"excerpt":{"rendered":"<p>SyncToy es un software gratuito desarrollado por Microsoft que permite sincronizar, copiar y hacer copias de seguridad de archivos y carpetas en diferentes ubicaciones de una computadora o entre diferentes dispositivos de almacenamiento. \u00a0 SyncToy funciona en sistemas operativos Windows y se puede utilizar para sincronizar archivos y carpetas entre unidades locales, unidades de red&#8230;<\/p>","protected":false},"author":1,"featured_media":0,"parent":0,"menu_order":0,"comment_status":"closed","ping_status":"closed","template":"","meta":{"_kad_post_transparent":"default","_kad_post_title":"hide","_kad_post_layout":"fullwidth","_kad_post_sidebar_id":"","_kad_post_content_style":"unboxed","_kad_post_vertical_padding":"hide","_kad_post_feature":"hide","_kad_post_feature_position":"","_kad_post_header":false,"_kad_post_footer":false,"footnotes":""},"class_list":["post-146","page","type-page","status-publish","hentry"],"_links":{"self":[{"href":"https:\/\/brandstrat.com\/Wp2\/en\/wp-json\/wp\/v2\/pages\/146","targetHints":{"allow":["GET"]}}],"collection":[{"href":"https:\/\/brandstrat.com\/Wp2\/en\/wp-json\/wp\/v2\/pages"}],"about":[{"href":"https:\/\/brandstrat.com\/Wp2\/en\/wp-json\/wp\/v2\/types\/page"}],"author":[{"embeddable":true,"href":"https:\/\/brandstrat.com\/Wp2\/en\/wp-json\/wp\/v2\/users\/1"}],"replies":[{"embeddable":true,"href":"https:\/\/brandstrat.com\/Wp2\/en\/wp-json\/wp\/v2\/comments?post=146"}],"version-history":[{"count":7,"href":"https:\/\/brandstrat.com\/Wp2\/en\/wp-json\/wp\/v2\/pages\/146\/revisions"}],"predecessor-version":[{"id":169,"href":"https:\/\/brandstrat.com\/Wp2\/en\/wp-json\/wp\/v2\/pages\/146\/revisions\/169"}],"wp:attachment":[{"href":"https:\/\/brandstrat.com\/Wp2\/en\/wp-json\/wp\/v2\/media?parent=146"}],"curies":[{"name":"wp","href":"https:\/\/api.w.org\/{rel}","templated":true}]}}