{"id":85,"date":"2023-03-10T14:19:25","date_gmt":"2023-03-10T14:19:25","guid":{"rendered":"https:\/\/brandstrat.com\/Wp2\/?page_id=85"},"modified":"2023-03-29T15:06:38","modified_gmt":"2023-03-29T15:06:38","slug":"administrador-de-wordpress","status":"publish","type":"page","link":"https:\/\/brandstrat.com\/Wp2\/en\/administrador-de-wordpress\/","title":{"rendered":"Administrador de WordPress"},"content":{"rendered":"<div data-elementor-type=\"wp-page\" data-elementor-id=\"85\" class=\"elementor elementor-85\">\n\t\t\t\t\t\t\t\t\t<section class=\"elementor-section elementor-top-section elementor-element elementor-element-17b2d442 elementor-section-boxed elementor-section-height-default elementor-section-height-default\" data-id=\"17b2d442\" data-element_type=\"section\">\n\t\t\t\t\t\t<div class=\"elementor-container elementor-column-gap-default\">\n\t\t\t\t\t<div class=\"elementor-column elementor-col-100 elementor-top-column elementor-element elementor-element-35b63f7c\" data-id=\"35b63f7c\" data-element_type=\"column\">\n\t\t\t<div class=\"elementor-widget-wrap elementor-element-populated\">\n\t\t\t\t\t\t\t\t<section class=\"elementor-section elementor-inner-section elementor-element elementor-element-3334305 elementor-section-boxed elementor-section-height-default elementor-section-height-default\" data-id=\"3334305\" data-element_type=\"section\">\n\t\t\t\t\t\t<div class=\"elementor-container elementor-column-gap-default\">\n\t\t\t\t\t<div class=\"elementor-column elementor-col-100 elementor-inner-column elementor-element elementor-element-fa6a551\" data-id=\"fa6a551\" data-element_type=\"column\">\n\t\t\t<div class=\"elementor-widget-wrap\">\n\t\t\t\t\t\t\t\t\t<\/div>\n\t\t<\/div>\n\t\t\t\t\t\t\t<\/div>\n\t\t<\/section>\n\t\t\t\t<div class=\"elementor-element elementor-element-4efc0e26 elementor-widget elementor-widget-text-editor\" data-id=\"4efc0e26\" data-element_type=\"widget\" data-widget_type=\"text-editor.default\">\n\t\t\t\t<div class=\"elementor-widget-container\">\n\t\t\t<style>\/*! elementor - v3.11.5 - 14-03-2023 *\/\n.elementor-widget-text-editor.elementor-drop-cap-view-stacked .elementor-drop-cap{background-color:#818a91;color:#fff}.elementor-widget-text-editor.elementor-drop-cap-view-framed .elementor-drop-cap{color:#818a91;border:3px solid;background-color:transparent}.elementor-widget-text-editor:not(.elementor-drop-cap-view-default) .elementor-drop-cap{margin-top:8px}.elementor-widget-text-editor:not(.elementor-drop-cap-view-default) .elementor-drop-cap-letter{width:1em;height:1em}.elementor-widget-text-editor .elementor-drop-cap{float:left;text-align:center;line-height:1;font-size:50px}.elementor-widget-text-editor .elementor-drop-cap-letter{display:inline-block}<\/style>\t\t\t\t<h1 style=\"text-align: center;\"><iframe loading=\"lazy\" src=\"https:\/\/gifer.com\/embed\/24Qk\" width=\"480\" height=\"360.000\" frameborder=\"0\" allowfullscreen=\"allowfullscreen\"><\/iframe><\/h1><p><b>\u00a0 \u00a0 \u00a0 \u00a0 \u00a0 \u00a0 \u00a0 \u00a0 \u00a0 \u00a0 \u00a0 \u00a0 \u00a0 \u00a0 \u00a0 \u00a0 \u00a0 \u00a0 \u00a0 \u00a0 \u00a0 \u00a0 \u00a0 \u00a0 \u00a0 \u00a0 \u00a0 \u00a0 \u00a0 \u00a0 \u00a0 \u00a0 \u00a0 \u00a0 \u00a0 \u00a0 \u00a0 \u00a0 \u00a0 \u00a0 \u00a0 \u00a0 \u00a0 \u00a0 \u00a0 \u00a0 \u00a0 \u00a0 \u00a0 \u00a0\u00a1Este es tu escritorio de WordPress!<\/b><\/p>\t\t\t\t\t\t<\/div>\n\t\t\t\t<\/div>\n\t\t\t\t<div class=\"elementor-element elementor-element-0d4a640 elementor-widget elementor-widget-text-editor\" data-id=\"0d4a640\" data-element_type=\"widget\" data-widget_type=\"text-editor.default\">\n\t\t\t\t<div class=\"elementor-widget-container\">\n\t\t\t\t\t\t\t<p style=\"margin: 0cm 0cm 0.0001pt; background-image: initial; background-position: initial; background-size: initial; background-repeat: initial; background-attachment: initial; background-origin: initial; background-clip: initial;\"><span style=\"font-size: 13pt; font-family: Arial, sans-serif;\">El escritorio es el primer lugar al que llegar\u00e1s cada vez que accedas a tu sitio.<span style=\"color: var( --e-global-color-text ); font-weight: var( --e-global-typography-text-font-weight );\">\u00a0<\/span><\/span><\/p><p style=\"margin: 0cm 0cm 0.0001pt; background-image: initial; background-position: initial; background-size: initial; background-repeat: initial; background-attachment: initial; background-origin: initial; background-clip: initial;\"><span style=\"font-size: 13pt; font-family: Arial, sans-serif;\"><span style=\"color: var( --e-global-color-text ); font-weight: var( --e-global-typography-text-font-weight );\">Es donde encontrar\u00e1s todas tus herramientas de WordPress.<\/span><\/span><\/p><p style=\"background-image: initial; background-position: initial; background-size: initial; background-repeat: initial; background-attachment: initial; background-origin: initial; background-clip: initial; margin: 0cm 0cm var(--global-md-spacing) 0cm;\"><span style=\"color: var( --e-global-color-text ); font-weight: var( --e-global-typography-text-font-weight );\"><span style=\"font-size: 13pt; font-family: Arial, sans-serif;\">Si necesitas ayuda, simplemente haz clic en la pesta\u00f1a \u00abAyuda\u00bb que est\u00e1 encima del t\u00edtulo de la pantalla.<\/span><\/span><\/p><p style=\"background-image: initial; background-position: initial; background-size: initial; background-repeat: initial; background-attachment: initial; background-origin: initial; background-clip: initial; margin: 0cm 0cm var(--global-md-spacing) 0cm;\"><span style=\"font-family: Arial, sans-serif; font-size: 13pt; color: var( --e-global-color-text ); font-weight: var( --e-global-typography-text-font-weight );\">En este apartado podremos encontrar las siguientes fusiones:<\/span><\/p>\t\t\t\t\t\t<\/div>\n\t\t\t\t<\/div>\n\t\t\t\t<section class=\"elementor-section elementor-inner-section elementor-element elementor-element-f24d9d6 elementor-section-boxed elementor-section-height-default elementor-section-height-default\" data-id=\"f24d9d6\" data-element_type=\"section\">\n\t\t\t\t\t\t<div class=\"elementor-container elementor-column-gap-default\">\n\t\t\t\t\t<div class=\"elementor-column elementor-col-50 elementor-inner-column elementor-element elementor-element-d644a35\" data-id=\"d644a35\" data-element_type=\"column\">\n\t\t\t<div class=\"elementor-widget-wrap elementor-element-populated\">\n\t\t\t\t\t\t\t\t<div class=\"elementor-element elementor-element-d524268 elementor-widget elementor-widget-image\" data-id=\"d524268\" data-element_type=\"widget\" data-widget_type=\"image.default\">\n\t\t\t\t<div class=\"elementor-widget-container\">\n\t\t\t<style>\/*! elementor - v3.11.5 - 14-03-2023 *\/\n.elementor-widget-image{text-align:center}.elementor-widget-image a{display:inline-block}.elementor-widget-image a img[src$=\".svg\"]{width:48px}.elementor-widget-image img{vertical-align:middle;display:inline-block}<\/style>\t\t\t\t\t\t\t\t\t\t\t\t<img loading=\"lazy\" decoding=\"async\" width=\"611\" height=\"522\" src=\"https:\/\/brandstrat.com\/Wp2\/wp-content\/uploads\/2023\/03\/Escritorio.jpg\" class=\"attachment-large size-large wp-image-87\" alt=\"\" srcset=\"https:\/\/brandstrat.com\/Wp2\/wp-content\/uploads\/2023\/03\/Escritorio.jpg 611w, https:\/\/brandstrat.com\/Wp2\/wp-content\/uploads\/2023\/03\/Escritorio-300x256.jpg 300w, https:\/\/brandstrat.com\/Wp2\/wp-content\/uploads\/2023\/03\/Escritorio-14x12.jpg 14w\" sizes=\"auto, (max-width: 611px) 100vw, 611px\" \/>\t\t\t\t\t\t\t\t\t\t\t\t\t\t\t<\/div>\n\t\t\t\t<\/div>\n\t\t\t\t\t<\/div>\n\t\t<\/div>\n\t\t\t\t<div class=\"elementor-column elementor-col-50 elementor-inner-column elementor-element elementor-element-98159d4\" data-id=\"98159d4\" data-element_type=\"column\">\n\t\t\t<div class=\"elementor-widget-wrap elementor-element-populated\">\n\t\t\t\t\t\t\t\t<div class=\"elementor-element elementor-element-b5d8de8 elementor-widget elementor-widget-text-editor\" data-id=\"b5d8de8\" data-element_type=\"widget\" data-widget_type=\"text-editor.default\">\n\t\t\t\t<div class=\"elementor-widget-container\">\n\t\t\t\t\t\t\t<p><strong style=\"color: var( --e-global-color-text ); font-family: var( --e-global-typography-text-font-family ), Sans-serif;\">Actualizaciones:<\/strong><span style=\"color: var( --e-global-color-text ); font-family: var( --e-global-typography-text-font-family ), Sans-serif; font-weight: var( --e-global-typography-text-font-weight );\">\u00a0&#8220;Si hay una actualizaci\u00f3n disponible, aparecer\u00e1 una notificaci\u00f3n en la barra de herramientas y en el men\u00fa de navegaci\u00f3n. Mantener tu sitio actualizado es importante para la seguridad. Tambi\u00e9n hace que internet sea un lugar m\u00e1s seguro para ti y tus lectores&#8221;.<\/span><\/p><p><strong>Como Actualizar:<\/strong><\/p><p>WordPress \u2014 Actualizar tu instalaci\u00f3n de WordPress es un procedimiento sencillo de un solo clic: simplemente haz clic en el bot\u00f3n \u00abActualizar ahora\u00bb cuando se te avise de que hay una nueva versi\u00f3n disponible. En la mayor\u00eda de los casos, WordPress realizar\u00e1 por su cuenta las actualizaciones de seguridad y mantenimiento.<\/p><p>Temas y Plugins \u2014 Para actualizar temas o plugins uno a uno desde esta pantalla, usa las casillas de selecci\u00f3n para hacer tu elecci\u00f3n, luego, haz clic en el bot\u00f3n \u00abActualizar\u00bb correspondiente. Para actualizar todos tus temas o plugins de una vez, puedes seleccionar la casilla de la parte superior de la secci\u00f3n para elegirlos todos antes de hacer clic en el bot\u00f3n de actualizar.<\/p><p>\u00a0<\/p><p>\u00a0<\/p>\t\t\t\t\t\t<\/div>\n\t\t\t\t<\/div>\n\t\t\t\t\t<\/div>\n\t\t<\/div>\n\t\t\t\t\t\t\t<\/div>\n\t\t<\/section>\n\t\t\t\t\t<\/div>\n\t\t<\/div>\n\t\t\t\t\t\t\t<\/div>\n\t\t<\/section>\n\t\t\t\t<section class=\"elementor-section elementor-top-section elementor-element elementor-element-510cac2 elementor-section-boxed elementor-section-height-default elementor-section-height-default\" data-id=\"510cac2\" data-element_type=\"section\">\n\t\t\t\t\t\t<div class=\"elementor-container elementor-column-gap-default\">\n\t\t\t\t\t<div class=\"elementor-column elementor-col-100 elementor-top-column elementor-element elementor-element-172f66f\" data-id=\"172f66f\" data-element_type=\"column\">\n\t\t\t<div class=\"elementor-widget-wrap elementor-element-populated\">\n\t\t\t\t\t\t\t\t<div class=\"elementor-element elementor-element-aaa1b2d elementor-widget elementor-widget-text-editor\" data-id=\"aaa1b2d\" data-element_type=\"widget\" data-widget_type=\"text-editor.default\">\n\t\t\t\t<div class=\"elementor-widget-container\">\n\t\t\t\t\t\t\t<p>Traducciones \u2014 Los archivos que traducen WordPress a tu idioma se actualizan cuando se produce cualquier otra actualizaci\u00f3n. Pero si estos archivos est\u00e1n anticuados, puedes hacer clic en el bot\u00f3n \u00abActualizar las traducciones\u00bb.<\/p>\t\t\t\t\t\t<\/div>\n\t\t\t\t<\/div>\n\t\t\t\t\t<\/div>\n\t\t<\/div>\n\t\t\t\t\t\t\t<\/div>\n\t\t<\/section>\n\t\t\t\t<section class=\"elementor-section elementor-top-section elementor-element elementor-element-b83a2c1 elementor-section-boxed elementor-section-height-default elementor-section-height-default\" data-id=\"b83a2c1\" data-element_type=\"section\">\n\t\t\t\t\t\t<div class=\"elementor-container elementor-column-gap-default\">\n\t\t\t\t\t<div class=\"elementor-column elementor-col-100 elementor-top-column elementor-element elementor-element-8811aed\" data-id=\"8811aed\" data-element_type=\"column\">\n\t\t\t<div class=\"elementor-widget-wrap elementor-element-populated\">\n\t\t\t\t\t\t\t\t<div class=\"elementor-element elementor-element-7d4ec2c elementor-widget elementor-widget-text-editor\" data-id=\"7d4ec2c\" data-element_type=\"widget\" data-widget_type=\"text-editor.default\">\n\t\t\t\t<div class=\"elementor-widget-container\">\n\t\t\t\t\t\t\t<p>L<strong style=\"color: var( --e-global-color-text ); font-family: var( --e-global-typography-text-font-family ), Sans-serif;\">Actualizaciones autom\u00e1ticas:<\/strong><span style=\"color: var( --e-global-color-text ); font-family: var( --e-global-typography-text-font-family ), Sans-serif; font-weight: var( --e-global-typography-text-font-weight );\">\u00a0 pueden ser activadas o desactivadas para las versiones mayores de WordPress y para cada tema o plugin individual. Los temas o plugins con las actualizaciones autom\u00e1ticas activadas mostrar\u00e1n la fecha estimada de la siguiente actualizaci\u00f3n autom\u00e1tica. Las actualizaciones autom\u00e1ticas dependen del sistema de programaci\u00f3n de tareas WP-Cron.<\/span><\/p><p style=\"margin-bottom: var(--global-md-spacing);\">Por favor, ten en cuenta: Los temas y plugins de terceros o el c\u00f3digo personalizado pueden anular la programaci\u00f3n de WordPress.<\/p><p style=\"margin-bottom: var(--global-md-spacing);\"><strong>Resumen:<\/strong>\u00a0Esta pantalla te da acceso a todas tus entradas. Puedes personalizar el formato de esta pantalla para acomodarlo a tu sistema de trabajo.<\/p><p style=\"margin-bottom: var(--global-md-spacing);\"><strong>Contenido en Pantalla:<\/strong>\u00a0Puedes personalizar el formato de los contenidos de esta pantalla de muchas formas:<\/p><ul style=\"margin: 0 0 var(--global-md-spacing);\"><li><ul><li>Puedes ocultar\/mostrar columnas bas\u00e1ndote en tus necesidades y decidir cu\u00e1ntas entradas se mostrar\u00e1n por pantalla utilizando la pesta\u00f1a \u00abOpciones de pantalla\u00bb.<\/li><li>Puedes filtrar la lista de entradas por estado de publicaci\u00f3n usando los enlaces de texto sobre la lista de entradas para mostrar solo las entradas en ese estado. La visualizaci\u00f3n por defecto es mostrar todas las entradas.<\/li><li>Puedes ver las entradas en una lista simple de t\u00edtulos o con el extracto, utilizando la pesta\u00f1a de opciones de pantalla.<\/li><li>Puedes refinar lo que muestra el listado de entradas haciendo que solo se muestren las de una categor\u00eda espec\u00edfica o de un mes determinado usando el men\u00fa desplegable que encontrar\u00e1s sobre el listado de entradas. Realiza un clic sobre el bot\u00f3n Filtro despu\u00e9s de realizar tu selecci\u00f3n. Tambi\u00e9n puedes refinar el listado haciendo clic sobre el autor de una entrada, categor\u00eda o etiqueta del listado de entradas.<\/li><\/ul><\/li><\/ul><p style=\"margin-bottom: var(--global-md-spacing);\"><strong>Acciones disponibles:<\/strong>\u00a0Pasando el cursor sobre la l\u00ednea de la entrada, mostrar\u00e1 los enlaces de las acciones, permiti\u00e9ndote gestionar la entrada. Puedes realizar las siguientes acciones:<\/p><ul style=\"margin: 0 0 var(--global-md-spacing);\"><li><strong>Editar<\/strong>\u00a0te lleva a la pantalla de edici\u00f3n de esa entrada. Tambi\u00e9n puedes llegar hasta ella haciendo clic en el t\u00edtulo de la entrada.<\/li><li><strong>Edici\u00f3n R\u00e1pida<\/strong>\u00a0proporciona acceso en l\u00ednea a los metadatos de tu entrada, permiti\u00e9ndote actualizar detalles de la entrada sin dejar la pantalla.<\/li><li><strong>Papelera<\/strong>\u00a0elimina tu entrada de esta lista y la coloca en la papelera, donde puedes borrarla de forma permanente.<\/li><li><strong>Previsualizaci\u00f3n<\/strong>\u00a0te mostrar\u00e1 c\u00f3mo se ver\u00e1 tu borrador si lo publicas. \u00abVer\u00bb te llevar\u00e1 a tu sitio para ver la entrada. El enlace que se muestra depende del estado de la entrada.<\/li><\/ul><p style=\"margin-bottom: var(--global-md-spacing);\"><strong>Acciones en Lote:<\/strong>\u00a0Tambi\u00e9n puedes editar o mover varias entradas a la vez a la papelera. Selecciona las entradas sobre las que quieres actuar usando las casillas de verificaci\u00f3n. Despu\u00e9s, selecciona la acci\u00f3n que quieres realizar en el men\u00fa \u00abAcciones en lote\u00bb y haz clic en \u00abAplicar\u00bb.<\/p><p>Si usas la edici\u00f3n por lotes puedes cambiar los metadatos (categor\u00edas, autor, etc.) para los todas las entradas seleccionadas de una vez. Para quitar una entrada de ese agrupamiento, solo tienes que hacer clic en la x que hay junto a nombre en el \u00e1rea de edici\u00f3n por lotes que aparece.<\/p>\t\t\t\t\t\t<\/div>\n\t\t\t\t<\/div>\n\t\t\t\t\t<\/div>\n\t\t<\/div>\n\t\t\t\t\t\t\t<\/div>\n\t\t<\/section>\n\t\t\t\t\t\t\t<\/div>","protected":false},"excerpt":{"rendered":"<p>\u00a0 \u00a0 \u00a0 \u00a0 \u00a0 \u00a0 \u00a0 \u00a0 \u00a0 \u00a0 \u00a0 \u00a0 \u00a0 \u00a0 \u00a0 \u00a0 \u00a0 \u00a0 \u00a0 \u00a0 \u00a0 \u00a0 \u00a0 \u00a0 \u00a0 \u00a0 \u00a0 \u00a0 \u00a0 \u00a0 \u00a0 \u00a0 \u00a0 \u00a0 \u00a0 \u00a0 \u00a0 \u00a0 \u00a0 \u00a0 \u00a0 \u00a0 \u00a0 \u00a0 \u00a0 \u00a0 \u00a0 \u00a0 \u00a0 \u00a0\u00a1Este es tu escritorio de WordPress!&#8230;<\/p>","protected":false},"author":1,"featured_media":0,"parent":0,"menu_order":0,"comment_status":"closed","ping_status":"closed","template":"","meta":{"_kad_post_transparent":"default","_kad_post_title":"default","_kad_post_layout":"default","_kad_post_sidebar_id":"","_kad_post_content_style":"default","_kad_post_vertical_padding":"default","_kad_post_feature":"","_kad_post_feature_position":"","_kad_post_header":false,"_kad_post_footer":false,"footnotes":""},"class_list":["post-85","page","type-page","status-publish","hentry"],"_links":{"self":[{"href":"https:\/\/brandstrat.com\/Wp2\/en\/wp-json\/wp\/v2\/pages\/85","targetHints":{"allow":["GET"]}}],"collection":[{"href":"https:\/\/brandstrat.com\/Wp2\/en\/wp-json\/wp\/v2\/pages"}],"about":[{"href":"https:\/\/brandstrat.com\/Wp2\/en\/wp-json\/wp\/v2\/types\/page"}],"author":[{"embeddable":true,"href":"https:\/\/brandstrat.com\/Wp2\/en\/wp-json\/wp\/v2\/users\/1"}],"replies":[{"embeddable":true,"href":"https:\/\/brandstrat.com\/Wp2\/en\/wp-json\/wp\/v2\/comments?post=85"}],"version-history":[{"count":4,"href":"https:\/\/brandstrat.com\/Wp2\/en\/wp-json\/wp\/v2\/pages\/85\/revisions"}],"predecessor-version":[{"id":163,"href":"https:\/\/brandstrat.com\/Wp2\/en\/wp-json\/wp\/v2\/pages\/85\/revisions\/163"}],"wp:attachment":[{"href":"https:\/\/brandstrat.com\/Wp2\/en\/wp-json\/wp\/v2\/media?parent=85"}],"curies":[{"name":"wp","href":"https:\/\/api.w.org\/{rel}","templated":true}]}}