{"id":2,"date":"2023-02-13T19:31:06","date_gmt":"2023-02-13T19:31:06","guid":{"rendered":"https:\/\/brandstrat.com\/Wp2\/?page_id=2"},"modified":"2023-03-09T21:40:37","modified_gmt":"2023-03-09T21:40:37","slug":"sample-page","status":"publish","type":"page","link":"https:\/\/brandstrat.com\/Wp2\/sample-page\/","title":{"rendered":"Como Crear un Servidor Cpanel."},"content":{"rendered":"<p style=\"text-align: center;\"><strong>Introducci\u00f3n a la p\u00e1gina web<\/strong><\/p>\n<p>Que es una p\u00e1gina web (o web page en ingl\u00e9s) es un documento que suele contar con contenido y enlaces que facilitan la navegaci\u00f3n con otros contenidos en la web. Una p\u00e1gina web por lo general forma parte de un sitio web (o website).<\/p>\n<p style=\"text-align: center;\">La primera p\u00e1gina web se public\u00f3 en 1993. Al principio, las p\u00e1ginas web eran solo texto e im\u00e1genes, y con el tiempo se les empez\u00f3 a integrar video, animaci\u00f3n o espacios 3D; elementos que las hacen m\u00e1s interactivas y agradables a la vista. La evoluci\u00f3n de la tecnolog\u00eda de Internet ha permitido que tener una p\u00e1gina sea cada vez m\u00e1s f\u00e1cil, r\u00e1pido y econ\u00f3mico.<\/p>\n<p style=\"text-align: center;\"><iframe loading=\"lazy\" src=\"https:\/\/gifer.com\/embed\/24Br\" width=\"480\" height=\"360.000\" frameborder=\"0\" allowfullscreen=\"allowfullscreen\"><\/iframe><\/p>\n<p style=\"text-align: center;\">-Ingresar al Cpanel. &#8220;<em>cPanel<\/em> es una plataforma que permite la gesti\u00f3n de sitios web alojados en WordPress, funcionando como un panel de control completo.&#8221;<\/p>\n<p style=\"text-align: center;\"><iframe loading=\"lazy\" src=\"https:\/\/gifer.com\/embed\/9Pf1\" width=\"480\" height=\"640.000\" frameborder=\"0\" allowfullscreen=\"allowfullscreen\"><\/iframe><\/p>\n<p style=\"text-align: center;\">-Ir a Instalar Apps &#8220;El t\u00e9rmino <em>app<\/em>\u00a0significa aplicaci\u00f3n. De hecho, es la abreviatura de la palabra aplication en ingl\u00e9s. Las\u00a0<em>apps<\/em> son herramientas de software&#8221;<\/p>\n<p style=\"text-align: center;\"><iframe loading=\"lazy\" src=\"https:\/\/gifer.com\/embed\/SUV4\" width=\"480\" height=\"360.000\" frameborder=\"0\" allowfullscreen=\"allowfullscreen\"><\/iframe><\/p>\n<p style=\"text-align: center;\">-Instalar WordPress. &#8220;WordPress es un sistema de gesti\u00f3n de contenidos lanzado el 27 de mayo de 2003, enfocado a la creaci\u00f3n de cualquier tipo de p\u00e1gina web.&#8221;<\/p>\n<p><img loading=\"lazy\" decoding=\"async\" class=\"wp-image-30 aligncenter\" src=\"https:\/\/brandstrat.com\/Wp2\/wp-content\/uploads\/2023\/02\/5-300x148.jpg\" alt=\"\" width=\"527\" height=\"260\" srcset=\"https:\/\/brandstrat.com\/Wp2\/wp-content\/uploads\/2023\/02\/5-300x148.jpg 300w, https:\/\/brandstrat.com\/Wp2\/wp-content\/uploads\/2023\/02\/5.jpg 482w\" sizes=\"auto, (max-width: 527px) 100vw, 527px\" \/><\/p>\n","protected":false},"excerpt":{"rendered":"<p>Introducci\u00f3n a la p\u00e1gina web Que es una p\u00e1gina web (o web page en ingl\u00e9s) es un documento que suele contar con contenido y enlaces que facilitan la navegaci\u00f3n con otros contenidos en la web. Una p\u00e1gina web por lo general forma parte de un sitio web (o website). La primera p\u00e1gina web se public\u00f3&#8230;<\/p>\n","protected":false},"author":1,"featured_media":0,"parent":0,"menu_order":0,"comment_status":"closed","ping_status":"open","template":"","meta":{"_kad_post_transparent":"default","_kad_post_title":"default","_kad_post_layout":"default","_kad_post_sidebar_id":"","_kad_post_content_style":"default","_kad_post_vertical_padding":"default","_kad_post_feature":"","_kad_post_feature_position":"","_kad_post_header":false,"_kad_post_footer":false,"footnotes":""},"class_list":["post-2","page","type-page","status-publish","hentry"],"_links":{"self":[{"href":"https:\/\/brandstrat.com\/Wp2\/wp-json\/wp\/v2\/pages\/2","targetHints":{"allow":["GET"]}}],"collection":[{"href":"https:\/\/brandstrat.com\/Wp2\/wp-json\/wp\/v2\/pages"}],"about":[{"href":"https:\/\/brandstrat.com\/Wp2\/wp-json\/wp\/v2\/types\/page"}],"author":[{"embeddable":true,"href":"https:\/\/brandstrat.com\/Wp2\/wp-json\/wp\/v2\/users\/1"}],"replies":[{"embeddable":true,"href":"https:\/\/brandstrat.com\/Wp2\/wp-json\/wp\/v2\/comments?post=2"}],"version-history":[{"count":8,"href":"https:\/\/brandstrat.com\/Wp2\/wp-json\/wp\/v2\/pages\/2\/revisions"}],"predecessor-version":[{"id":84,"href":"https:\/\/brandstrat.com\/Wp2\/wp-json\/wp\/v2\/pages\/2\/revisions\/84"}],"wp:attachment":[{"href":"https:\/\/brandstrat.com\/Wp2\/wp-json\/wp\/v2\/media?parent=2"}],"curies":[{"name":"wp","href":"https:\/\/api.w.org\/{rel}","templated":true}]}}